{"id":2298,"date":"2018-08-14T16:04:21","date_gmt":"2018-08-14T16:04:21","guid":{"rendered":"https:\/\/www.expressao.pt\/translation\/"},"modified":"2019-07-26T10:00:19","modified_gmt":"2019-07-26T10:00:19","slug":"traducao","status":"publish","type":"page","link":"https:\/\/www.expressao.pt\/pt-pt\/traducao\/","title":{"rendered":"Tradu\u00e7\u00e3o"},"content":{"rendered":"<div id=\"pl-2298\"  class=\"panel-layout\" ><div id=\"pg-2298-0\"  class=\"panel-grid panel-has-style\" ><div style=\"padding: 0px 0; \" data-overlay=\"true\" data-overlay-color=\"#000000\" class=\"panel-row-style panel-row-style-for-2298-0\" ><div id=\"pgc-2298-0-0\"  class=\"panel-grid-cell\" ><div id=\"panel-2298-0-0-0\" class=\"so-panel widget widget_sow-editor panel-first-child\" data-index=\"0\" ><div style=\"text-align: left;\" data-title-color=\"#443f3f\" data-headings-color=\"#443f3f\" class=\"panel-widget-style panel-widget-style-for-2298-0-0-0\" ><div\n\t\t\t\n\t\t\tclass=\"so-widget-sow-editor so-widget-sow-editor-base\"\n\t\t\t\n\t\t>\n<div class=\"siteorigin-widget-tinymce textwidget\">\n\t<div id=\"pgc-1288-0-0\" class=\"panel-grid-cell\">\n<div id=\"panel-1288-0-0-0\" class=\"so-panel widget widget_sow-editor panel-first-child panel-last-child\" data-index=\"0\">\n<div class=\"panel-widget-style panel-widget-style-for-1288-0-0-0\" data-title-color=\"#443f3f\" data-headings-color=\"#443f3f\">\n<div class=\"so-widget-sow-editor so-widget-sow-editor-base\">\n<div class=\"siteorigin-widget-tinymce textwidget\">\n<p><i>A chave do sucesso de qualquer organiza\u00e7\u00e3o reside na sua capacidade de comunicar clara, eficaz e atempadamente com os seus clientes, fornecedores, investidores e colaboradores.<\/i><\/p>\n<p>Se procura uma empresa para gerir os seus projetos de tradu\u00e7\u00e3o, n\u00e3o v\u00e1 mais longe. Fornecemos solu\u00e7\u00f5es lingu\u00edsticas fi\u00e1veis em v\u00e1rias \u00e1reas de especializa\u00e7\u00e3o assentes em mais de duas d\u00e9cadas de experi\u00eancia.<\/p>\n<p>As tradu\u00e7\u00f5es realizadas durante os \u00faltimos cinco anos poder\u00e3o ser repartidas da seguinte forma:<\/p>\n<\/div>\n<\/div>\n<\/div>\n<\/div>\n<\/div>\n<\/div>\n<\/div><\/div><\/div><div id=\"panel-2298-0-0-1\" class=\"so-panel widget widget_sow-editor panel-last-child\" data-index=\"1\" ><div style=\"text-align: left;\" data-title-color=\"#443f3f\" data-headings-color=\"#443f3f\" class=\"panel-widget-style panel-widget-style-for-2298-0-0-1\" ><div\n\t\t\t\n\t\t\tclass=\"so-widget-sow-editor so-widget-sow-editor-base\"\n\t\t\t\n\t\t>\n<div class=\"siteorigin-widget-tinymce textwidget\">\n\t<p><img decoding=\"async\" class=\"size-medium wp-image-1487 aligncenter\" src=\"https:\/\/www.expressao.pt\/wp-content\/uploads\/2019\/07\/pt.png\" alt=\"\" style=\"max-width: 500px;\" \/><\/p>\n<\/div>\n<\/div><\/div><\/div><\/div><\/div><\/div><div id=\"pg-2298-1\"  class=\"panel-grid panel-has-style\" ><div style=\"padding: 0px 0; \" data-overlay=\"true\" data-overlay-color=\"#000000\" class=\"panel-row-style panel-row-style-for-2298-1\" ><div id=\"pgc-2298-1-0\"  class=\"panel-grid-cell\" ><div id=\"panel-2298-1-0-0\" class=\"so-panel widget widget_sow-editor panel-first-child panel-last-child\" data-index=\"2\" ><div style=\"text-align: left;\" data-title-color=\"#443f3f\" data-headings-color=\"#443f3f\" class=\"panel-widget-style panel-widget-style-for-2298-1-0-0\" ><div\n\t\t\t\n\t\t\tclass=\"so-widget-sow-editor so-widget-sow-editor-base\"\n\t\t\t\n\t\t>\n<div class=\"siteorigin-widget-tinymce textwidget\">\n\t<p>As nossas solu\u00e7\u00f5es combinam conhecimentos especializados e lingu\u00edsticos, a mais recente <a href=\"https:\/\/www.expressao.pt\/pt-pt\/tecnologia\"><strong>tecnologia<\/strong><\/a> e gest\u00e3o de projetos avan\u00e7ada para abranger todas as necessidades dos nossos clientes. Gra\u00e7as \u00e0 nossa extensa rede de tradutores profissionais em todo o mundo, oferecemos atualmente tradu\u00e7\u00f5es em mais de 40 l\u00ednguas e estamos aqui para o ajudar.<\/p>\n<p>Porque nos dever\u00e1 escolher<\/p>\n<ul>\n<li>Apenas utilizamos linguistas nativos especializados<\/li>\n<li>Entregamos todos os projetos a tempo e seguindo as suas especifica\u00e7\u00f5es<\/li>\n<li>Mantemos mem\u00f3rias de tradu\u00e7\u00e3o individuais para cada \u00e1rea e cliente<\/li>\n<li>Temos bases de dados terminol\u00f3gicas espec\u00edficas para atender \u00e0s necessidades e exig\u00eancias da sua organiza\u00e7\u00e3o<\/li>\n<li>Garantimos absoluta confidencialidade<\/li>\n<\/ul>\n<\/div>\n<\/div><\/div><\/div><\/div><\/div><\/div><div id=\"pg-2298-2\"  class=\"panel-grid panel-has-style\" ><div class=\"siteorigin-panels-stretch panel-row-style panel-row-style-for-2298-2\" style=\"padding: 100px 0; \" data-stretch-type=\"full\" data-overlay=\"true\" data-overlay-color=\"#000000\" ><div id=\"pgc-2298-2-0\"  class=\"panel-grid-cell\" ><div id=\"panel-2298-2-0-0\" class=\"so-panel widget widget_sow-editor panel-first-child panel-last-child\" data-index=\"3\" ><div style=\"text-align: left;\" data-title-color=\"#443f3f\" data-headings-color=\"#ffffff\" class=\"panel-widget-style panel-widget-style-for-2298-2-0-0\" ><div\n\t\t\t\n\t\t\tclass=\"so-widget-sow-editor so-widget-sow-editor-base\"\n\t\t\t\n\t\t>\n<div class=\"siteorigin-widget-tinymce textwidget\">\n\t<h3>Solicitar or\u00e7amento gratuito<\/h3>\n<\/div>\n<\/div><\/div><\/div><\/div><div id=\"pgc-2298-2-1\"  class=\"panel-grid-cell\" ><div id=\"panel-2298-2-1-0\" class=\"so-panel widget widget_sow-button panel-first-child panel-last-child\" data-index=\"4\" ><div style=\"text-align: left;\" data-title-color=\"#443f3f\" data-headings-color=\"#443f3f\" class=\"panel-widget-style panel-widget-style-for-2298-2-1-0\" ><div\n\t\t\t\n\t\t\tclass=\"so-widget-sow-button so-widget-sow-button-wire-3b6eb174bb88-2298\"\n\t\t\t\n\t\t><div class=\"ow-button-base ow-button-align-center\">\n\t<a\n\thref=\"https:\/\/www.expressao.pt\/pt-pt\/quote-trans\/\"\n\t\tclass=\"ow-icon-placement-left ow-button-hover\" \t>\n\t\t<span>\n\t\t\t\n\t\t\tContactos\t\t<\/span>\n\t<\/a>\n<\/div>\n<\/div><\/div><\/div><\/div><\/div><\/div><\/div>","protected":false},"excerpt":{"rendered":"<p>A chave do sucesso de qualquer organiza\u00e7\u00e3o reside na sua capacidade de comunicar clara, eficaz e atempadamente com os seus clientes, fornecedores, [&hellip;]<\/p>\n","protected":false},"author":2,"featured_media":2203,"parent":0,"menu_order":0,"comment_status":"closed","ping_status":"closed","template":"page-templates\/page_fullwidth.php","meta":{"footnotes":""},"class_list":["post-2298","page","type-page","status-publish","has-post-thumbnail","hentry"],"yoast_head":"<!-- This site is optimized with the Yoast SEO plugin v21.3 - https:\/\/yoast.com\/wordpress\/plugins\/seo\/ -->\n<title>Express\u00e3o, empresa de tradu\u00e7\u00e3o e interpreta\u00e7\u00e3o em mais de 40 l\u00ednguas<\/title>\n<meta name=\"description\" content=\"Somos uma empresa de tradu\u00e7\u00e3o especializada com mais de 22 anos de experi\u00eancia. Contacte-nos para receber um or\u00e7amento gratuito em menos de 24h!\" \/>\n<meta name=\"robots\" content=\"index, follow, max-snippet:-1, max-image-preview:large, max-video-preview:-1\" \/>\n<link rel=\"canonical\" href=\"https:\/\/www.expressao.pt\/pt-pt\/traducao\/\" \/>\n<meta property=\"og:locale\" content=\"pt_PT\" \/>\n<meta property=\"og:type\" content=\"article\" \/>\n<meta property=\"og:title\" content=\"Express\u00e3o, empresa de tradu\u00e7\u00e3o e interpreta\u00e7\u00e3o em mais de 40 l\u00ednguas\" \/>\n<meta property=\"og:description\" content=\"Somos uma empresa de tradu\u00e7\u00e3o especializada com mais de 22 anos de experi\u00eancia. Contacte-nos para receber um or\u00e7amento gratuito em menos de 24h!\" \/>\n<meta property=\"og:url\" content=\"https:\/\/www.expressao.pt\/pt-pt\/traducao\/\" \/>\n<meta property=\"og:site_name\" content=\"Express\u00e3o\" \/>\n<meta property=\"article:modified_time\" content=\"2019-07-26T10:00:19+00:00\" \/>\n<meta property=\"og:image\" content=\"https:\/\/www.expressao.pt\/wp-content\/uploads\/2019\/06\/raphael-schaller-88040-unsplash.jpg\" \/>\n\t<meta property=\"og:image:width\" content=\"2000\" \/>\n\t<meta property=\"og:image:height\" content=\"660\" \/>\n\t<meta property=\"og:image:type\" content=\"image\/jpeg\" \/>\n<meta name=\"twitter:card\" content=\"summary_large_image\" \/>\n<meta name=\"twitter:label1\" content=\"Tempo estimado de leitura\" \/>\n\t<meta name=\"twitter:data1\" content=\"1 minuto\" \/>\n<script type=\"application\/ld+json\" class=\"yoast-schema-graph\">{\"@context\":\"https:\/\/schema.org\",\"@graph\":[{\"@type\":\"WebPage\",\"@id\":\"https:\/\/www.expressao.pt\/pt-pt\/traducao\/\",\"url\":\"https:\/\/www.expressao.pt\/pt-pt\/traducao\/\",\"name\":\"Express\u00e3o, empresa de tradu\u00e7\u00e3o e interpreta\u00e7\u00e3o em mais de 40 l\u00ednguas\",\"isPartOf\":{\"@id\":\"https:\/\/www.expressao.pt\/#website\"},\"datePublished\":\"2018-08-14T16:04:21+00:00\",\"dateModified\":\"2019-07-26T10:00:19+00:00\",\"description\":\"Somos uma empresa de tradu\u00e7\u00e3o especializada com mais de 22 anos de experi\u00eancia. Contacte-nos para receber um or\u00e7amento gratuito em menos de 24h!\",\"breadcrumb\":{\"@id\":\"https:\/\/www.expressao.pt\/pt-pt\/traducao\/#breadcrumb\"},\"inLanguage\":\"pt-PT\",\"potentialAction\":[{\"@type\":\"ReadAction\",\"target\":[\"https:\/\/www.expressao.pt\/pt-pt\/traducao\/\"]}]},{\"@type\":\"BreadcrumbList\",\"@id\":\"https:\/\/www.expressao.pt\/pt-pt\/traducao\/#breadcrumb\",\"itemListElement\":[{\"@type\":\"ListItem\",\"position\":1,\"name\":\"Home\",\"item\":\"https:\/\/www.expressao.pt\/pt-pt\/\"},{\"@type\":\"ListItem\",\"position\":2,\"name\":\"Tradu\u00e7\u00e3o\"}]},{\"@type\":\"WebSite\",\"@id\":\"https:\/\/www.expressao.pt\/#website\",\"url\":\"https:\/\/www.expressao.pt\/\",\"name\":\"Express\u00e3o\",\"description\":\"Translation experts\",\"potentialAction\":[{\"@type\":\"SearchAction\",\"target\":{\"@type\":\"EntryPoint\",\"urlTemplate\":\"https:\/\/www.expressao.pt\/?s={search_term_string}\"},\"query-input\":\"required name=search_term_string\"}],\"inLanguage\":\"pt-PT\"}]}<\/script>\n<!-- \/ Yoast SEO plugin. -->","yoast_head_json":{"title":"Express\u00e3o, empresa de tradu\u00e7\u00e3o e interpreta\u00e7\u00e3o em mais de 40 l\u00ednguas","description":"Somos uma empresa de tradu\u00e7\u00e3o especializada com mais de 22 anos de experi\u00eancia. Contacte-nos para receber um or\u00e7amento gratuito em menos de 24h!","robots":{"index":"index","follow":"follow","max-snippet":"max-snippet:-1","max-image-preview":"max-image-preview:large","max-video-preview":"max-video-preview:-1"},"canonical":"https:\/\/www.expressao.pt\/pt-pt\/traducao\/","og_locale":"pt_PT","og_type":"article","og_title":"Express\u00e3o, empresa de tradu\u00e7\u00e3o e interpreta\u00e7\u00e3o em mais de 40 l\u00ednguas","og_description":"Somos uma empresa de tradu\u00e7\u00e3o especializada com mais de 22 anos de experi\u00eancia. Contacte-nos para receber um or\u00e7amento gratuito em menos de 24h!","og_url":"https:\/\/www.expressao.pt\/pt-pt\/traducao\/","og_site_name":"Express\u00e3o","article_modified_time":"2019-07-26T10:00:19+00:00","og_image":[{"width":2000,"height":660,"url":"https:\/\/www.expressao.pt\/wp-content\/uploads\/2019\/06\/raphael-schaller-88040-unsplash.jpg","type":"image\/jpeg"}],"twitter_card":"summary_large_image","twitter_misc":{"Tempo estimado de leitura":"1 minuto"},"schema":{"@context":"https:\/\/schema.org","@graph":[{"@type":"WebPage","@id":"https:\/\/www.expressao.pt\/pt-pt\/traducao\/","url":"https:\/\/www.expressao.pt\/pt-pt\/traducao\/","name":"Express\u00e3o, empresa de tradu\u00e7\u00e3o e interpreta\u00e7\u00e3o em mais de 40 l\u00ednguas","isPartOf":{"@id":"https:\/\/www.expressao.pt\/#website"},"datePublished":"2018-08-14T16:04:21+00:00","dateModified":"2019-07-26T10:00:19+00:00","description":"Somos uma empresa de tradu\u00e7\u00e3o especializada com mais de 22 anos de experi\u00eancia. Contacte-nos para receber um or\u00e7amento gratuito em menos de 24h!","breadcrumb":{"@id":"https:\/\/www.expressao.pt\/pt-pt\/traducao\/#breadcrumb"},"inLanguage":"pt-PT","potentialAction":[{"@type":"ReadAction","target":["https:\/\/www.expressao.pt\/pt-pt\/traducao\/"]}]},{"@type":"BreadcrumbList","@id":"https:\/\/www.expressao.pt\/pt-pt\/traducao\/#breadcrumb","itemListElement":[{"@type":"ListItem","position":1,"name":"Home","item":"https:\/\/www.expressao.pt\/pt-pt\/"},{"@type":"ListItem","position":2,"name":"Tradu\u00e7\u00e3o"}]},{"@type":"WebSite","@id":"https:\/\/www.expressao.pt\/#website","url":"https:\/\/www.expressao.pt\/","name":"Express\u00e3o","description":"Translation experts","potentialAction":[{"@type":"SearchAction","target":{"@type":"EntryPoint","urlTemplate":"https:\/\/www.expressao.pt\/?s={search_term_string}"},"query-input":"required name=search_term_string"}],"inLanguage":"pt-PT"}]}},"_links":{"self":[{"href":"https:\/\/www.expressao.pt\/pt-pt\/wp-json\/wp\/v2\/pages\/2298","targetHints":{"allow":["GET"]}}],"collection":[{"href":"https:\/\/www.expressao.pt\/pt-pt\/wp-json\/wp\/v2\/pages"}],"about":[{"href":"https:\/\/www.expressao.pt\/pt-pt\/wp-json\/wp\/v2\/types\/page"}],"author":[{"embeddable":true,"href":"https:\/\/www.expressao.pt\/pt-pt\/wp-json\/wp\/v2\/users\/2"}],"replies":[{"embeddable":true,"href":"https:\/\/www.expressao.pt\/pt-pt\/wp-json\/wp\/v2\/comments?post=2298"}],"version-history":[{"count":20,"href":"https:\/\/www.expressao.pt\/pt-pt\/wp-json\/wp\/v2\/pages\/2298\/revisions"}],"predecessor-version":[{"id":2633,"href":"https:\/\/www.expressao.pt\/pt-pt\/wp-json\/wp\/v2\/pages\/2298\/revisions\/2633"}],"wp:featuredmedia":[{"embeddable":true,"href":"https:\/\/www.expressao.pt\/pt-pt\/wp-json\/wp\/v2\/media\/2203"}],"wp:attachment":[{"href":"https:\/\/www.expressao.pt\/pt-pt\/wp-json\/wp\/v2\/media?parent=2298"}],"curies":[{"name":"wp","href":"https:\/\/api.w.org\/{rel}","templated":true}]}}