{"id":2337,"date":"2018-08-15T06:59:16","date_gmt":"2018-08-15T06:59:16","guid":{"rendered":"https:\/\/www.expressao.pt\/economic-and-financial\/"},"modified":"2022-08-02T08:57:21","modified_gmt":"2022-08-02T08:57:21","slug":"economia-e-financas","status":"publish","type":"page","link":"https:\/\/www.expressao.pt\/pt-pt\/economia-e-financas\/","title":{"rendered":"Economia e finan\u00e7as"},"content":{"rendered":"<div id=\"pl-2337\"  class=\"panel-layout\" ><div id=\"pg-2337-0\"  class=\"panel-grid panel-has-style\" ><div class=\"siteorigin-panels-stretch panel-row-style panel-row-style-for-2337-0\" style=\"padding: 0px 0; \" data-stretch-type=\"full\" data-overlay=\"true\" data-overlay-color=\"#000000\" ><div id=\"pgc-2337-0-0\"  class=\"panel-grid-cell\" ><div id=\"panel-2337-0-0-0\" class=\"so-panel widget widget_sow-editor panel-first-child panel-last-child\" data-index=\"0\" ><div style=\"text-align: left;\" data-title-color=\"#443f3f\" data-headings-color=\"#443f3f\" class=\"panel-widget-style panel-widget-style-for-2337-0-0-0\" ><div\n\t\t\t\n\t\t\tclass=\"so-widget-sow-editor so-widget-sow-editor-base\"\n\t\t\t\n\t\t>\n<div class=\"siteorigin-widget-tinymce textwidget\">\n\t<h5><strong>PRESTAMOS SERVI\u00c7OS DE TRADU\u00c7\u00c3O ECON\u00d3MICA, BANC\u00c1RIA E FINANCEIRA<\/strong><\/h5><\/div>\n<\/div><\/div><\/div><\/div><\/div><\/div><div id=\"pg-2337-1\"  class=\"panel-grid panel-has-style\" ><div class=\"siteorigin-panels-stretch panel-row-style panel-row-style-for-2337-1\" style=\"padding: 75px 0; \" data-stretch-type=\"full\" data-overlay=\"true\" data-overlay-color=\"#000000\" ><div id=\"pgc-2337-1-0\"  class=\"panel-grid-cell\" ><div id=\"panel-2337-1-0-0\" class=\"so-panel widget widget_sow-features panel-first-child panel-last-child\" data-index=\"1\" ><div style=\"text-align: left;\" data-title-color=\"#443f3f\" data-headings-color=\"#443f3f\" class=\"panel-widget-style panel-widget-style-for-2337-1-0-0\" ><div\n\t\t\t\n\t\t\tclass=\"so-widget-sow-features so-widget-sow-features-default-26c2f7d03909-2337\"\n\t\t\t\n\t\t>\n<div class=\"sow-features-list sow-features-responsive\">\n\n\t\t\t\t\t\t\t\t\t<div\n\t\t\t\tclass=\"sow-features-feature sow-icon-container-position-top sow-features-feature-last-row\"\n\t\t\t\tstyle=\"display: flex; flex-direction: column; width: 100%;\"\n\t\t\t>\n\t\t\t\n\t\t\t\t\t\t\t\t<div\n\t\t\t\t\tclass=\"sow-icon-container sow-container-round\"\n\t\t\t\t\tstyle=\"color: #000000; \"\n\t\t\t\t\t>\n\t\t\t\t\t<span class=\"sow-icon-fontawesome sow-fas\" data-sow-icon=\"&#xf201;\"\n\t\tstyle=\"font-size: 32px; color: #ffffff\" \n\t\taria-hidden=\"true\"><\/span>\t\t\t\t<\/div>\n\t\t\t\t\n\t\t\t\t<div class=\"textwidget\">\n\t\t\t\t\t\n\t\t\t\t\t\n\t\t\t\t\t\t\t\t\t\t\t<p style=\"text-align: center;margin-top: 20px;\"><strong>Estamos cientes da import\u00e2ncia da precis\u00e3o nesta \u00e1rea altamente especializada (cuja mat\u00e9ria engloba v\u00e1rias vezes quest\u00f5es jur\u00eddicas) <br \/>e escolhemos a dedo profissionais altamente qualificados e experientes.<\/strong><\/p>\n<p style=\"text-align: center;\"><strong>As tradu\u00e7\u00f5es econ\u00f3micas e financeiras s\u00e3o a nossa maior \u00e1rea de especializa\u00e7\u00e3o, perfazendo aproximadamente 30% do nosso volume de neg\u00f3cios. <br \/>Mantemos mem\u00f3rias de tradu\u00e7\u00e3o e gloss\u00e1rios espec\u00edficos para cada cliente, o que nos permite assegurar a consist\u00eancia terminol\u00f3gica e economizar o precioso tempo e dinheiro dos nossos clientes em futuros trabalhos de tradu\u00e7\u00e3o.<\/strong><\/p>\t\t\t\t\t\n\t\t\t\t\t\t\t\t\t<\/div>\n\t\t\t\t\t\t\t\t\n\t\t\t\t\t\t\t<\/div>\n\n\t\t\t\n<\/div>\n<\/div><\/div><\/div><\/div><\/div><\/div><div id=\"pg-2337-2\"  class=\"panel-grid panel-has-style\" ><div class=\"siteorigin-panels-stretch panel-row-style panel-row-style-for-2337-2\" style=\"padding: 40px 0; \" data-stretch-type=\"full\" data-overlay=\"true\" data-overlay-color=\"#000000\" ><div id=\"pgc-2337-2-0\"  class=\"panel-grid-cell\" ><div id=\"panel-2337-2-0-0\" class=\"so-panel widget widget_sow-editor panel-first-child panel-last-child\" data-index=\"2\" ><div style=\"text-align: left;\" data-title-color=\"#443f3f\" data-headings-color=\"#443f3f\" class=\"panel-widget-style panel-widget-style-for-2337-2-0-0\" ><div\n\t\t\t\n\t\t\tclass=\"so-widget-sow-editor so-widget-sow-editor-base\"\n\t\t\t\n\t\t>\n<div class=\"siteorigin-widget-tinymce textwidget\">\n\t<p>Quaisquer que sejam as suas necessidades ao n\u00edvel de tradu\u00e7\u00e3o, pode confiar na Express\u00e3o para a presta\u00e7\u00e3o de um servi\u00e7o \u00e0 medida, confidencial e preciso.<\/p>\n<p>Os nossos tradutores financeiros s\u00e3o especializados nesta \u00e1rea e a maioria tem uma forma\u00e7\u00e3o em economia, gest\u00e3o, contabilidade ou finan\u00e7as. Al\u00e9m disso, apenas traduzem para a sua l\u00edngua materna.<\/p>\n<p>Assumimos a qualidade e confidencialidade como uma prioridade e todos os nossos tradutores est\u00e3o vinculados por acordos de confidencialidade.<\/p>\n<\/div>\n<\/div><\/div><\/div><\/div><\/div><\/div><div id=\"pg-2337-3\"  class=\"panel-grid panel-has-style\" ><div class=\"siteorigin-panels-stretch panel-row-style panel-row-style-for-2337-3\" style=\"padding: 20px 0; \" data-stretch-type=\"full\" data-overlay=\"true\" data-overlay-color=\"#000000\" ><div id=\"pgc-2337-3-0\"  class=\"panel-grid-cell\" ><div id=\"panel-2337-3-0-0\" class=\"so-panel widget widget_sow-editor panel-first-child panel-last-child\" data-index=\"3\" ><div style=\"text-align: left;\" data-title-color=\"#443f3f\" data-headings-color=\"#443f3f\" class=\"panel-widget-style panel-widget-style-for-2337-3-0-0\" ><div\n\t\t\t\n\t\t\tclass=\"so-widget-sow-editor so-widget-sow-editor-base\"\n\t\t\t\n\t\t>\n<div class=\"siteorigin-widget-tinymce textwidget\">\n\t<h5 style=\"text-align: center;\"><strong>Experi\u00eancia em termos de projetos<\/strong><\/h5><\/div>\n<\/div><\/div><\/div><\/div><\/div><\/div><div id=\"pg-2337-4\"  class=\"panel-grid panel-has-style\" ><div style=\"padding: 0px 0; \" data-overlay=\"true\" data-overlay-color=\"#000000\" class=\"panel-row-style panel-row-style-for-2337-4\" ><div id=\"pgc-2337-4-0\"  class=\"panel-grid-cell\" ><div id=\"panel-2337-4-0-0\" class=\"so-panel widget widget_sow-editor panel-first-child panel-last-child\" data-index=\"4\" ><div style=\"text-align: left;\" data-title-color=\"#443f3f\" data-headings-color=\"#443f3f\" class=\"panel-widget-style panel-widget-style-for-2337-4-0-0\" ><div\n\t\t\t\n\t\t\tclass=\"so-widget-sow-editor so-widget-sow-editor-base\"\n\t\t\t\n\t\t>\n<div class=\"siteorigin-widget-tinymce textwidget\">\n\t<ul>\n<li>Relat\u00f3rios de auditoria<\/li>\n<li>Relat\u00f3rios de atividade empresarial<\/li>\n<li>Planos de neg\u00f3cios<\/li>\n<li>M\u00f3dulos de forma\u00e7\u00e3o e de e-learning<\/li>\n<\/ul>\n<\/div>\n<\/div><\/div><\/div><\/div><div id=\"pgc-2337-4-1\"  class=\"panel-grid-cell\" ><div id=\"panel-2337-4-1-0\" class=\"so-panel widget widget_sow-editor panel-first-child panel-last-child\" data-index=\"5\" ><div style=\"text-align: left;\" data-title-color=\"#443f3f\" data-headings-color=\"#443f3f\" class=\"panel-widget-style panel-widget-style-for-2337-4-1-0\" ><div\n\t\t\t\n\t\t\tclass=\"so-widget-sow-editor so-widget-sow-editor-base\"\n\t\t\t\n\t\t>\n<div class=\"siteorigin-widget-tinymce textwidget\">\n\t<ul>\n<li>An\u00e1lises econ\u00f3micas e demonstra\u00e7\u00f5es financeiras<\/li>\n<li>Relat\u00f3rios e prospetos de fundos<\/li>\n<li>Documentos com informa\u00e7\u00f5es fundamentais destinadas aos investidores<\/li>\n<li>An\u00e1lises de mercado<\/li>\n<\/ul>\n<\/div>\n<\/div><\/div><\/div><\/div><div id=\"pgc-2337-4-2\"  class=\"panel-grid-cell\" ><div id=\"panel-2337-4-2-0\" class=\"so-panel widget widget_sow-editor panel-first-child panel-last-child\" data-index=\"6\" ><div style=\"text-align: left;\" data-title-color=\"#443f3f\" data-headings-color=\"#443f3f\" class=\"panel-widget-style panel-widget-style-for-2337-4-2-0\" ><div\n\t\t\t\n\t\t\tclass=\"so-widget-sow-editor so-widget-sow-editor-base\"\n\t\t\t\n\t\t>\n<div class=\"siteorigin-widget-tinymce textwidget\">\n\t<ul>\n<li>Comunicados de imprensa<\/li>\n<li>Relat\u00f3rios e contas<\/li>\n<li>Relat\u00f3rios fiscais<\/li>\n<\/ul>\n<\/div>\n<\/div><\/div><\/div><\/div><\/div><\/div><div id=\"pg-2337-5\"  class=\"panel-grid panel-has-style\" ><div style=\"padding: 10px 0; \" data-overlay=\"true\" data-overlay-color=\"#000000\" class=\"panel-row-style panel-row-style-for-2337-5\" ><div id=\"pgc-2337-5-0\"  class=\"panel-grid-cell\" ><div id=\"panel-2337-5-0-0\" class=\"so-panel widget widget_sow-cta panel-first-child panel-last-child\" data-index=\"7\" ><div style=\"text-align: left;\" data-title-color=\"#ffffff\" data-headings-color=\"#ffffff\" class=\"panel-widget-style panel-widget-style-for-2337-5-0-0\" ><div\n\t\t\t\n\t\t\tclass=\"so-widget-sow-cta so-widget-sow-cta-default-5aa4afe67f2c-2337\"\n\t\t\t\n\t\t><div class=\"sow-cta-base\">\n\n\t<div class=\"sow-cta-wrapper\">\n\n\t\t<div class=\"sow-cta-text\">\n\t\t\t<h4 class=\"sow-cta-title\">Solicite informa\u00e7\u00f5es<\/h4>\n\t\t\t<h5 class=\"sow-cta-subtitle\">Para saber mais sobre os nossos servi\u00e7os de tradu\u00e7\u00e3o, por favor contacte-nos.<\/h5>\n\t\t<\/div>\n\n\t\t<div\n\t\t\t\n\t\t\tclass=\"so-widget-sow-button so-widget-sow-button-atom-aa4089d4f56d\"\n\t\t\t\n\t\t><div class=\"ow-button-base ow-button-align-center\">\n\t<a\n\thref=\"mailto:expressao@expressao.pt\"\n\t\tclass=\"ow-icon-placement-left ow-button-hover\" \t>\n\t\t<span>\n\t\t\t\n\t\t\tSolicite informa\u00e7\u00f5es\t\t<\/span>\n\t<\/a>\n<\/div>\n<\/div>\n\t<\/div>\n\n<\/div>\n<\/div><\/div><\/div><\/div><div id=\"pgc-2337-5-1\"  class=\"panel-grid-cell\" ><div id=\"panel-2337-5-1-0\" class=\"so-panel widget widget_sow-cta panel-first-child panel-last-child\" data-index=\"8\" ><div style=\"text-align: left;\" data-title-color=\"#443f3f\" data-headings-color=\"#443f3f\" class=\"panel-widget-style panel-widget-style-for-2337-5-1-0\" ><div\n\t\t\t\n\t\t\tclass=\"so-widget-sow-cta so-widget-sow-cta-default-9ddbdfae1b58-2337\"\n\t\t\t\n\t\t><div class=\"sow-cta-base\">\n\n\t<div class=\"sow-cta-wrapper\">\n\n\t\t<div class=\"sow-cta-text\">\n\t\t\t<h4 class=\"sow-cta-title\">Solicite um or\u00e7amento<\/h4>\n\t\t\t<h5 class=\"sow-cta-subtitle\">Para solicitar um or\u00e7amento, clique no link abaixo.<\/h5>\n\t\t<\/div>\n\n\t\t<div\n\t\t\t\n\t\t\tclass=\"so-widget-sow-button so-widget-sow-button-atom-aa4089d4f56d\"\n\t\t\t\n\t\t><div class=\"ow-button-base ow-button-align-center\">\n\t<a\n\thref=\"https:\/\/www.expressao.pt\/pt-pt\/quote-trans\/\"\n\t\tclass=\"ow-icon-placement-left ow-button-hover\" \t>\n\t\t<span>\n\t\t\t\n\t\t\tSolicite um or\u00e7amento\t\t<\/span>\n\t<\/a>\n<\/div>\n<\/div>\n\t<\/div>\n\n<\/div>\n<\/div><\/div><\/div><\/div><\/div><\/div><\/div>","protected":false},"excerpt":{"rendered":"<p>PRESTAMOS SERVI\u00c7OS DE TRADU\u00c7\u00c3O ECON\u00d3MICA, BANC\u00c1RIA E FINANCEIRA<\/p>\n","protected":false},"author":2,"featured_media":2209,"parent":0,"menu_order":0,"comment_status":"closed","ping_status":"closed","template":"page-templates\/page_fullwidth.php","meta":{"footnotes":""},"class_list":["post-2337","page","type-page","status-publish","has-post-thumbnail","hentry"],"yoast_head":"<!-- This site is optimized with the Yoast SEO plugin v21.3 - https:\/\/yoast.com\/wordpress\/plugins\/seo\/ -->\n<title>Servi\u00e7os de tradu\u00e7\u00e3o econ\u00f3mica e financeira em Portugal \u2013 Express\u00e3o<\/title>\n<meta name=\"description\" content=\"Fornecemos solu\u00e7\u00f5es para todas as suas necessidades ao n\u00edvel de tradu\u00e7\u00e3o econ\u00f3mica, banc\u00e1ria e financeira. Contacte-nos para receber um or\u00e7amento gr\u00e1tis!\" \/>\n<meta name=\"robots\" content=\"index, follow, max-snippet:-1, max-image-preview:large, max-video-preview:-1\" \/>\n<link rel=\"canonical\" href=\"https:\/\/www.expressao.pt\/pt-pt\/economia-e-financas\/\" \/>\n<meta property=\"og:locale\" content=\"pt_PT\" \/>\n<meta property=\"og:type\" content=\"article\" \/>\n<meta property=\"og:title\" content=\"Servi\u00e7os de tradu\u00e7\u00e3o econ\u00f3mica e financeira em Portugal \u2013 Express\u00e3o\" \/>\n<meta property=\"og:description\" content=\"Fornecemos solu\u00e7\u00f5es para todas as suas necessidades ao n\u00edvel de tradu\u00e7\u00e3o econ\u00f3mica, banc\u00e1ria e financeira. Contacte-nos para receber um or\u00e7amento gr\u00e1tis!\" \/>\n<meta property=\"og:url\" content=\"https:\/\/www.expressao.pt\/pt-pt\/economia-e-financas\/\" \/>\n<meta property=\"og:site_name\" content=\"Express\u00e3o\" \/>\n<meta property=\"article:modified_time\" content=\"2022-08-02T08:57:21+00:00\" \/>\n<meta property=\"og:image\" content=\"https:\/\/www.expressao.pt\/wp-content\/uploads\/2019\/06\/markus-spiske-484245-unsplash.jpg\" \/>\n\t<meta property=\"og:image:width\" content=\"2000\" \/>\n\t<meta property=\"og:image:height\" content=\"508\" \/>\n\t<meta property=\"og:image:type\" content=\"image\/jpeg\" \/>\n<meta name=\"twitter:card\" content=\"summary_large_image\" \/>\n<meta name=\"twitter:label1\" content=\"Tempo estimado de leitura\" \/>\n\t<meta name=\"twitter:data1\" content=\"1 minuto\" \/>\n<script type=\"application\/ld+json\" class=\"yoast-schema-graph\">{\"@context\":\"https:\/\/schema.org\",\"@graph\":[{\"@type\":\"WebPage\",\"@id\":\"https:\/\/www.expressao.pt\/pt-pt\/economia-e-financas\/\",\"url\":\"https:\/\/www.expressao.pt\/pt-pt\/economia-e-financas\/\",\"name\":\"Servi\u00e7os de tradu\u00e7\u00e3o econ\u00f3mica e financeira em Portugal \u2013 Express\u00e3o\",\"isPartOf\":{\"@id\":\"https:\/\/www.expressao.pt\/#website\"},\"datePublished\":\"2018-08-15T06:59:16+00:00\",\"dateModified\":\"2022-08-02T08:57:21+00:00\",\"description\":\"Fornecemos solu\u00e7\u00f5es para todas as suas necessidades ao n\u00edvel de tradu\u00e7\u00e3o econ\u00f3mica, banc\u00e1ria e financeira. Contacte-nos para receber um or\u00e7amento gr\u00e1tis!\",\"breadcrumb\":{\"@id\":\"https:\/\/www.expressao.pt\/pt-pt\/economia-e-financas\/#breadcrumb\"},\"inLanguage\":\"pt-PT\",\"potentialAction\":[{\"@type\":\"ReadAction\",\"target\":[\"https:\/\/www.expressao.pt\/pt-pt\/economia-e-financas\/\"]}]},{\"@type\":\"BreadcrumbList\",\"@id\":\"https:\/\/www.expressao.pt\/pt-pt\/economia-e-financas\/#breadcrumb\",\"itemListElement\":[{\"@type\":\"ListItem\",\"position\":1,\"name\":\"Home\",\"item\":\"https:\/\/www.expressao.pt\/pt-pt\/\"},{\"@type\":\"ListItem\",\"position\":2,\"name\":\"Economia e finan\u00e7as\"}]},{\"@type\":\"WebSite\",\"@id\":\"https:\/\/www.expressao.pt\/#website\",\"url\":\"https:\/\/www.expressao.pt\/\",\"name\":\"Express\u00e3o\",\"description\":\"Translation experts\",\"potentialAction\":[{\"@type\":\"SearchAction\",\"target\":{\"@type\":\"EntryPoint\",\"urlTemplate\":\"https:\/\/www.expressao.pt\/?s={search_term_string}\"},\"query-input\":\"required name=search_term_string\"}],\"inLanguage\":\"pt-PT\"}]}<\/script>\n<!-- \/ Yoast SEO plugin. -->","yoast_head_json":{"title":"Servi\u00e7os de tradu\u00e7\u00e3o econ\u00f3mica e financeira em Portugal \u2013 Express\u00e3o","description":"Fornecemos solu\u00e7\u00f5es para todas as suas necessidades ao n\u00edvel de tradu\u00e7\u00e3o econ\u00f3mica, banc\u00e1ria e financeira. Contacte-nos para receber um or\u00e7amento gr\u00e1tis!","robots":{"index":"index","follow":"follow","max-snippet":"max-snippet:-1","max-image-preview":"max-image-preview:large","max-video-preview":"max-video-preview:-1"},"canonical":"https:\/\/www.expressao.pt\/pt-pt\/economia-e-financas\/","og_locale":"pt_PT","og_type":"article","og_title":"Servi\u00e7os de tradu\u00e7\u00e3o econ\u00f3mica e financeira em Portugal \u2013 Express\u00e3o","og_description":"Fornecemos solu\u00e7\u00f5es para todas as suas necessidades ao n\u00edvel de tradu\u00e7\u00e3o econ\u00f3mica, banc\u00e1ria e financeira. Contacte-nos para receber um or\u00e7amento gr\u00e1tis!","og_url":"https:\/\/www.expressao.pt\/pt-pt\/economia-e-financas\/","og_site_name":"Express\u00e3o","article_modified_time":"2022-08-02T08:57:21+00:00","og_image":[{"width":2000,"height":508,"url":"https:\/\/www.expressao.pt\/wp-content\/uploads\/2019\/06\/markus-spiske-484245-unsplash.jpg","type":"image\/jpeg"}],"twitter_card":"summary_large_image","twitter_misc":{"Tempo estimado de leitura":"1 minuto"},"schema":{"@context":"https:\/\/schema.org","@graph":[{"@type":"WebPage","@id":"https:\/\/www.expressao.pt\/pt-pt\/economia-e-financas\/","url":"https:\/\/www.expressao.pt\/pt-pt\/economia-e-financas\/","name":"Servi\u00e7os de tradu\u00e7\u00e3o econ\u00f3mica e financeira em Portugal \u2013 Express\u00e3o","isPartOf":{"@id":"https:\/\/www.expressao.pt\/#website"},"datePublished":"2018-08-15T06:59:16+00:00","dateModified":"2022-08-02T08:57:21+00:00","description":"Fornecemos solu\u00e7\u00f5es para todas as suas necessidades ao n\u00edvel de tradu\u00e7\u00e3o econ\u00f3mica, banc\u00e1ria e financeira. Contacte-nos para receber um or\u00e7amento gr\u00e1tis!","breadcrumb":{"@id":"https:\/\/www.expressao.pt\/pt-pt\/economia-e-financas\/#breadcrumb"},"inLanguage":"pt-PT","potentialAction":[{"@type":"ReadAction","target":["https:\/\/www.expressao.pt\/pt-pt\/economia-e-financas\/"]}]},{"@type":"BreadcrumbList","@id":"https:\/\/www.expressao.pt\/pt-pt\/economia-e-financas\/#breadcrumb","itemListElement":[{"@type":"ListItem","position":1,"name":"Home","item":"https:\/\/www.expressao.pt\/pt-pt\/"},{"@type":"ListItem","position":2,"name":"Economia e finan\u00e7as"}]},{"@type":"WebSite","@id":"https:\/\/www.expressao.pt\/#website","url":"https:\/\/www.expressao.pt\/","name":"Express\u00e3o","description":"Translation experts","potentialAction":[{"@type":"SearchAction","target":{"@type":"EntryPoint","urlTemplate":"https:\/\/www.expressao.pt\/?s={search_term_string}"},"query-input":"required name=search_term_string"}],"inLanguage":"pt-PT"}]}},"_links":{"self":[{"href":"https:\/\/www.expressao.pt\/pt-pt\/wp-json\/wp\/v2\/pages\/2337","targetHints":{"allow":["GET"]}}],"collection":[{"href":"https:\/\/www.expressao.pt\/pt-pt\/wp-json\/wp\/v2\/pages"}],"about":[{"href":"https:\/\/www.expressao.pt\/pt-pt\/wp-json\/wp\/v2\/types\/page"}],"author":[{"embeddable":true,"href":"https:\/\/www.expressao.pt\/pt-pt\/wp-json\/wp\/v2\/users\/2"}],"replies":[{"embeddable":true,"href":"https:\/\/www.expressao.pt\/pt-pt\/wp-json\/wp\/v2\/comments?post=2337"}],"version-history":[{"count":7,"href":"https:\/\/www.expressao.pt\/pt-pt\/wp-json\/wp\/v2\/pages\/2337\/revisions"}],"predecessor-version":[{"id":2940,"href":"https:\/\/www.expressao.pt\/pt-pt\/wp-json\/wp\/v2\/pages\/2337\/revisions\/2940"}],"wp:featuredmedia":[{"embeddable":true,"href":"https:\/\/www.expressao.pt\/pt-pt\/wp-json\/wp\/v2\/media\/2209"}],"wp:attachment":[{"href":"https:\/\/www.expressao.pt\/pt-pt\/wp-json\/wp\/v2\/media?parent=2337"}],"curies":[{"name":"wp","href":"https:\/\/api.w.org\/{rel}","templated":true}]}}