{"id":2341,"date":"2018-08-15T08:25:15","date_gmt":"2018-08-15T08:25:15","guid":{"rendered":"https:\/\/www.expressao.pt\/legal-and-judicial\/"},"modified":"2019-10-31T15:06:46","modified_gmt":"2019-10-31T15:06:46","slug":"direito","status":"publish","type":"page","link":"https:\/\/www.expressao.pt\/pt-pt\/direito\/","title":{"rendered":"Direito e Justi\u00e7a"},"content":{"rendered":"<div id=\"pl-2341\"  class=\"panel-layout\" ><div id=\"pg-2341-0\"  class=\"panel-grid panel-has-style\" ><div class=\"siteorigin-panels-stretch panel-row-style panel-row-style-for-2341-0\" style=\"padding: 0px 0; \" data-stretch-type=\"full\" data-overlay=\"true\" data-overlay-color=\"#000000\" ><div id=\"pgc-2341-0-0\"  class=\"panel-grid-cell\" ><div id=\"panel-2341-0-0-0\" class=\"so-panel widget widget_sow-editor panel-first-child panel-last-child\" data-index=\"0\" ><div style=\"text-align: left;\" data-title-color=\"#443f3f\" data-headings-color=\"#443f3f\" class=\"panel-widget-style panel-widget-style-for-2341-0-0-0\" ><div\n\t\t\t\n\t\t\tclass=\"so-widget-sow-editor so-widget-sow-editor-base\"\n\t\t\t\n\t\t>\n<div class=\"siteorigin-widget-tinymce textwidget\">\n\t<h5><strong>FORNECEMOS TRADU\u00c7\u00d5ES DE QUALIDADE EXCECIONAL<\/strong><\/h5>\n<h5><strong>\u00a0<\/strong><\/h5><\/div>\n<\/div><\/div><\/div><\/div><\/div><\/div><div id=\"pg-2341-1\"  class=\"panel-grid panel-has-style\" ><div class=\"siteorigin-panels-stretch panel-row-style panel-row-style-for-2341-1\" style=\"padding: 75px 0; \" data-stretch-type=\"full\" data-overlay=\"true\" data-overlay-color=\"#000000\" ><div id=\"pgc-2341-1-0\"  class=\"panel-grid-cell\" ><div id=\"panel-2341-1-0-0\" class=\"so-panel widget widget_sow-features panel-first-child panel-last-child\" data-index=\"1\" ><div style=\"text-align: left;\" data-title-color=\"#443f3f\" data-headings-color=\"#443f3f\" class=\"panel-widget-style panel-widget-style-for-2341-1-0-0\" ><div\n\t\t\t\n\t\t\tclass=\"so-widget-sow-features so-widget-sow-features-default-7db124b1c401-2341\"\n\t\t\t\n\t\t>\n<div class=\"sow-features-list sow-features-responsive\">\n\n\t\t\t\t\t\t\t\t\t<div\n\t\t\t\tclass=\"sow-features-feature sow-icon-container-position-top sow-features-feature-last-row\"\n\t\t\t\tstyle=\"display: flex; flex-direction: column; width: 100%;\"\n\t\t\t>\n\t\t\t\n\t\t\t\t\t\t\t\t<div\n\t\t\t\t\tclass=\"sow-icon-container sow-container-round\"\n\t\t\t\t\tstyle=\"color: #000000; \"\n\t\t\t\t\t>\n\t\t\t\t\t<span class=\"sow-icon-fontawesome sow-fas\" data-sow-icon=\"&#xf0e3;\"\n\t\tstyle=\"font-size: 42px; color: #ffffff\" \n\t\taria-hidden=\"true\"><\/span>\t\t\t\t<\/div>\n\t\t\t\t\n\t\t\t\t<div class=\"textwidget\">\n\t\t\t\t\t\n\t\t\t\t\t\n\t\t\t\t\t\t\t\t\t\t\t<p style=\"margin-top: 20px;\"><strong>Qualquer tradu\u00e7\u00e3o errada ou erro pode ter graves consequ\u00eancias quando se trata de um documento jur\u00eddico, sendo por isso que os nossos tradutores jur\u00eddicos s\u00e3o rigorosamente selecionados para garantir tradu\u00e7\u00f5es fi\u00e1veis e precisas, mesmo no caso de documentos jur\u00eddicos complexos e prazos processuais apertados.<\/strong><\/p>\n<p style=\"margin-top: 20px;\"><strong>Se precisar de uma <span style=\"text-decoration: underline;\">tradu\u00e7\u00e3o certificada para tornar o seu documento jur\u00eddico v\u00e1lido<\/span>, podemos ajud\u00e1-lo. Tamb\u00e9m podemos criar gloss\u00e1rios de terminologia-chave para refer\u00eancia futura, o que poder\u00e1 auxili\u00e1-lo muito nas suas futuras necessidades de tradu\u00e7\u00e3o.<\/strong><\/p>\t\t\t\t\t\n\t\t\t\t\t\t\t\t\t<\/div>\n\t\t\t\t\t\t\t\t\n\t\t\t\t\t\t\t<\/div>\n\n\t\t\t\n<\/div>\n<\/div><\/div><\/div><\/div><\/div><\/div><div id=\"pg-2341-2\"  class=\"panel-grid panel-has-style\" ><div class=\"siteorigin-panels-stretch panel-row-style panel-row-style-for-2341-2\" style=\"padding: 40px 0; \" data-stretch-type=\"full\" data-overlay=\"true\" data-overlay-color=\"#000000\" ><div id=\"pgc-2341-2-0\"  class=\"panel-grid-cell\" ><div id=\"panel-2341-2-0-0\" class=\"so-panel widget widget_sow-editor panel-first-child panel-last-child\" data-index=\"2\" ><div style=\"text-align: left;\" data-title-color=\"#443f3f\" data-headings-color=\"#443f3f\" class=\"panel-widget-style panel-widget-style-for-2341-2-0-0\" ><div\n\t\t\t\n\t\t\tclass=\"so-widget-sow-editor so-widget-sow-editor-base\"\n\t\t\t\n\t\t>\n<div class=\"siteorigin-widget-tinymce textwidget\">\n\t<p>Quaisquer que sejam as suas necessidades ao n\u00edvel de tradu\u00e7\u00e3o, pode confiar na Express\u00e3o para a presta\u00e7\u00e3o de um servi\u00e7o \u00e0 medida, confidencial e preciso.<\/p>\n<p>Os nossos tradutores jur\u00eddicos especializam-se nesta \u00e1rea e a maioria tem uma forma\u00e7\u00e3o em l\u00ednguas e direito. Al\u00e9m disso, apenas traduzem para a sua l\u00edngua materna.<\/p>\n<p>O sigilo profissional \u00e9 extremamente importante para a nossa empresa; desta forma, garantimos absoluta confidencialidade relativamente a todos os documentos que nos s\u00e3o confiados.<\/p>\n<\/div>\n<\/div><\/div><\/div><\/div><\/div><\/div><div id=\"pg-2341-3\"  class=\"panel-grid panel-has-style\" ><div class=\"siteorigin-panels-stretch panel-row-style panel-row-style-for-2341-3\" style=\"padding: 0px 0; \" data-stretch-type=\"full\" data-overlay=\"true\" data-overlay-color=\"#000000\" ><div id=\"pgc-2341-3-0\"  class=\"panel-grid-cell\" ><div id=\"panel-2341-3-0-0\" class=\"so-panel widget widget_sow-editor panel-first-child panel-last-child\" data-index=\"3\" ><div style=\"text-align: left;\" data-title-color=\"#443f3f\" data-headings-color=\"#443f3f\" class=\"panel-widget-style panel-widget-style-for-2341-3-0-0\" ><div\n\t\t\t\n\t\t\tclass=\"so-widget-sow-editor so-widget-sow-editor-base\"\n\t\t\t\n\t\t>\n<div class=\"siteorigin-widget-tinymce textwidget\">\n\t<h5 style=\"text-align: center;\"><strong>Experi\u00eancia em termos de projetos<\/strong><\/h5><\/div>\n<\/div><\/div><\/div><\/div><\/div><\/div><div id=\"pg-2341-4\"  class=\"panel-grid panel-has-style\" ><div class=\"siteorigin-panels-stretch panel-row-style panel-row-style-for-2341-4\" style=\"padding: 20px 0; \" data-stretch-type=\"full\" data-overlay=\"true\" data-overlay-color=\"#000000\" ><div id=\"pgc-2341-4-0\"  class=\"panel-grid-cell\" ><div id=\"panel-2341-4-0-0\" class=\"so-panel widget widget_sow-editor panel-first-child panel-last-child\" data-index=\"4\" ><div style=\"text-align: left;\" data-title-color=\"#443f3f\" data-headings-color=\"#443f3f\" class=\"panel-widget-style panel-widget-style-for-2341-4-0-0\" ><div\n\t\t\t\n\t\t\tclass=\"so-widget-sow-editor so-widget-sow-editor-base\"\n\t\t\t\n\t\t>\n<div class=\"siteorigin-widget-tinymce textwidget\">\n\t<ul>\n<li>Estatutos de sociedades<\/li>\n<li>Certid\u00f5es de nascimento e casamento<\/li>\n<li>Contratos<\/li>\n<li>Diplomas<\/li>\n<\/ul>\n<\/div>\n<\/div><\/div><\/div><\/div><div id=\"pgc-2341-4-1\"  class=\"panel-grid-cell\" ><div id=\"panel-2341-4-1-0\" class=\"so-panel widget widget_sow-editor panel-first-child panel-last-child\" data-index=\"5\" ><div style=\"text-align: left;\" data-title-color=\"#443f3f\" data-headings-color=\"#443f3f\" class=\"panel-widget-style panel-widget-style-for-2341-4-1-0\" ><div\n\t\t\t\n\t\t\tclass=\"so-widget-sow-editor so-widget-sow-editor-base\"\n\t\t\t\n\t\t>\n<div class=\"siteorigin-widget-tinymce textwidget\">\n\t<ul>\n<li>Senten\u00e7as de div\u00f3rcio<\/li>\n<li>Contratos de trabalho<\/li>\n<li>Decis\u00f5es judiciais e governamentais<\/li>\n<li>Cr\u00e9ditos de seguros<\/li>\n<li>Licen\u00e7as<\/li>\n<\/ul>\n<\/div>\n<\/div><\/div><\/div><\/div><div id=\"pgc-2341-4-2\"  class=\"panel-grid-cell\" ><div id=\"panel-2341-4-2-0\" class=\"so-panel widget widget_sow-editor panel-first-child panel-last-child\" data-index=\"6\" ><div style=\"text-align: left;\" data-title-color=\"#443f3f\" data-headings-color=\"#443f3f\" class=\"panel-widget-style panel-widget-style-for-2341-4-2-0\" ><div\n\t\t\t\n\t\t\tclass=\"so-widget-sow-editor so-widget-sow-editor-base\"\n\t\t\t\n\t\t>\n<div class=\"siteorigin-widget-tinymce textwidget\">\n\t<ul>\n<li>Patentes<\/li>\n<li>Cartas de recomenda\u00e7\u00e3o<\/li>\n<li>Notifica\u00e7\u00f5es e cita\u00e7\u00f5es<\/li>\n<li>Testamentos<\/li>\n<\/ul>\n<\/div>\n<\/div><\/div><\/div><\/div><\/div><\/div><div id=\"pg-2341-5\"  class=\"panel-grid panel-has-style\" ><div style=\"padding: 100px 0; \" data-overlay=\"true\" data-overlay-color=\"#000000\" class=\"panel-row-style panel-row-style-for-2341-5\" ><div id=\"pgc-2341-5-0\"  class=\"panel-grid-cell\" ><div id=\"panel-2341-5-0-0\" class=\"so-panel widget widget_sow-cta panel-first-child panel-last-child\" data-index=\"7\" ><div style=\"text-align: left;\" data-title-color=\"#ffffff\" data-headings-color=\"#ffffff\" class=\"panel-widget-style panel-widget-style-for-2341-5-0-0\" ><div\n\t\t\t\n\t\t\tclass=\"so-widget-sow-cta so-widget-sow-cta-default-e53163506415-2341\"\n\t\t\t\n\t\t><div class=\"sow-cta-base\">\n\n\t<div class=\"sow-cta-wrapper\">\n\n\t\t<div class=\"sow-cta-text\">\n\t\t\t<h4 class=\"sow-cta-title\">Solicite informa\u00e7\u00f5es<\/h4>\n\t\t\t<h5 class=\"sow-cta-subtitle\">Para saber mais sobre os nossos servi\u00e7os de tradu\u00e7\u00e3o, por favor contacte-nos.<\/h5>\n\t\t<\/div>\n\n\t\t<div\n\t\t\t\n\t\t\tclass=\"so-widget-sow-button so-widget-sow-button-atom-aa4089d4f56d\"\n\t\t\t\n\t\t><div class=\"ow-button-base ow-button-align-center\">\n\t<a\n\thref=\"mailto:expressao@expressao.pt\"\n\t\tclass=\"ow-icon-placement-left ow-button-hover\" \t>\n\t\t<span>\n\t\t\t\n\t\t\tSolicite informa\u00e7\u00f5es\t\t<\/span>\n\t<\/a>\n<\/div>\n<\/div>\n\t<\/div>\n\n<\/div>\n<\/div><\/div><\/div><\/div><div id=\"pgc-2341-5-1\"  class=\"panel-grid-cell\" ><div id=\"panel-2341-5-1-0\" class=\"so-panel widget widget_sow-cta panel-first-child panel-last-child\" data-index=\"8\" ><div style=\"text-align: left;\" data-title-color=\"#443f3f\" data-headings-color=\"#443f3f\" class=\"panel-widget-style panel-widget-style-for-2341-5-1-0\" ><div\n\t\t\t\n\t\t\tclass=\"so-widget-sow-cta so-widget-sow-cta-default-cf5d16ac4dba-2341\"\n\t\t\t\n\t\t><div class=\"sow-cta-base\">\n\n\t<div class=\"sow-cta-wrapper\">\n\n\t\t<div class=\"sow-cta-text\">\n\t\t\t<h4 class=\"sow-cta-title\">Solicite um or\u00e7amento<\/h4>\n\t\t\t<h5 class=\"sow-cta-subtitle\">Para solicitar um or\u00e7amento, clique no link abaixo.<\/h5>\n\t\t<\/div>\n\n\t\t<div\n\t\t\t\n\t\t\tclass=\"so-widget-sow-button so-widget-sow-button-atom-aa4089d4f56d\"\n\t\t\t\n\t\t><div class=\"ow-button-base ow-button-align-center\">\n\t<a\n\thref=\"https:\/\/www.expressao.pt\/pt-pt\/quote-trans\/\"\n\t\tclass=\"ow-icon-placement-left ow-button-hover\" \t>\n\t\t<span>\n\t\t\t\n\t\t\tSolicite um or\u00e7amento\t\t<\/span>\n\t<\/a>\n<\/div>\n<\/div>\n\t<\/div>\n\n<\/div>\n<\/div><\/div><\/div><\/div><\/div><\/div><\/div>","protected":false},"excerpt":{"rendered":"<p>FORNECEMOS TRADU\u00c7\u00d5ES DE QUALIDADE EXCECIONAL \u00a0<\/p>\n","protected":false},"author":2,"featured_media":2210,"parent":0,"menu_order":0,"comment_status":"closed","ping_status":"closed","template":"page-templates\/page_fullwidth.php","meta":{"footnotes":""},"class_list":["post-2341","page","type-page","status-publish","has-post-thumbnail","hentry"],"yoast_head":"<!-- This site is optimized with the Yoast SEO plugin v21.3 - https:\/\/yoast.com\/wordpress\/plugins\/seo\/ -->\n<title>Express\u00e3o - Servi\u00e7os de tradu\u00e7\u00e3o jur\u00eddica em mais de 40 l\u00ednguas, Porto<\/title>\n<meta name=\"description\" content=\"Se precisar de servi\u00e7os de tradu\u00e7\u00e3o jur\u00eddica, contacte-nos! Contamos com tradutores altamente especializados e experientes e mais de 20 anos de experi\u00eancia.\" \/>\n<meta name=\"robots\" content=\"index, follow, max-snippet:-1, max-image-preview:large, max-video-preview:-1\" \/>\n<link rel=\"canonical\" href=\"https:\/\/www.expressao.pt\/pt-pt\/direito\/\" \/>\n<meta property=\"og:locale\" content=\"pt_PT\" \/>\n<meta property=\"og:type\" content=\"article\" \/>\n<meta property=\"og:title\" content=\"Express\u00e3o - Servi\u00e7os de tradu\u00e7\u00e3o jur\u00eddica em mais de 40 l\u00ednguas, Porto\" \/>\n<meta property=\"og:description\" content=\"Se precisar de servi\u00e7os de tradu\u00e7\u00e3o jur\u00eddica, contacte-nos! Contamos com tradutores altamente especializados e experientes e mais de 20 anos de experi\u00eancia.\" \/>\n<meta property=\"og:url\" content=\"https:\/\/www.expressao.pt\/pt-pt\/direito\/\" \/>\n<meta property=\"og:site_name\" content=\"Express\u00e3o\" \/>\n<meta property=\"article:modified_time\" content=\"2019-10-31T15:06:46+00:00\" \/>\n<meta property=\"og:image\" content=\"https:\/\/www.expressao.pt\/wp-content\/uploads\/2019\/06\/claire-anderson-60670-unsplash.jpg\" \/>\n\t<meta property=\"og:image:width\" content=\"2000\" \/>\n\t<meta property=\"og:image:height\" content=\"475\" \/>\n\t<meta property=\"og:image:type\" content=\"image\/jpeg\" \/>\n<meta name=\"twitter:card\" content=\"summary_large_image\" \/>\n<meta name=\"twitter:label1\" content=\"Tempo estimado de leitura\" \/>\n\t<meta name=\"twitter:data1\" content=\"1 minuto\" \/>\n<script type=\"application\/ld+json\" class=\"yoast-schema-graph\">{\"@context\":\"https:\/\/schema.org\",\"@graph\":[{\"@type\":\"WebPage\",\"@id\":\"https:\/\/www.expressao.pt\/pt-pt\/direito\/\",\"url\":\"https:\/\/www.expressao.pt\/pt-pt\/direito\/\",\"name\":\"Express\u00e3o - Servi\u00e7os de tradu\u00e7\u00e3o jur\u00eddica em mais de 40 l\u00ednguas, Porto\",\"isPartOf\":{\"@id\":\"https:\/\/www.expressao.pt\/#website\"},\"datePublished\":\"2018-08-15T08:25:15+00:00\",\"dateModified\":\"2019-10-31T15:06:46+00:00\",\"description\":\"Se precisar de servi\u00e7os de tradu\u00e7\u00e3o jur\u00eddica, contacte-nos! Contamos com tradutores altamente especializados e experientes e mais de 20 anos de experi\u00eancia.\",\"breadcrumb\":{\"@id\":\"https:\/\/www.expressao.pt\/pt-pt\/direito\/#breadcrumb\"},\"inLanguage\":\"pt-PT\",\"potentialAction\":[{\"@type\":\"ReadAction\",\"target\":[\"https:\/\/www.expressao.pt\/pt-pt\/direito\/\"]}]},{\"@type\":\"BreadcrumbList\",\"@id\":\"https:\/\/www.expressao.pt\/pt-pt\/direito\/#breadcrumb\",\"itemListElement\":[{\"@type\":\"ListItem\",\"position\":1,\"name\":\"Home\",\"item\":\"https:\/\/www.expressao.pt\/pt-pt\/\"},{\"@type\":\"ListItem\",\"position\":2,\"name\":\"Direito e Justi\u00e7a\"}]},{\"@type\":\"WebSite\",\"@id\":\"https:\/\/www.expressao.pt\/#website\",\"url\":\"https:\/\/www.expressao.pt\/\",\"name\":\"Express\u00e3o\",\"description\":\"Translation experts\",\"potentialAction\":[{\"@type\":\"SearchAction\",\"target\":{\"@type\":\"EntryPoint\",\"urlTemplate\":\"https:\/\/www.expressao.pt\/?s={search_term_string}\"},\"query-input\":\"required name=search_term_string\"}],\"inLanguage\":\"pt-PT\"}]}<\/script>\n<!-- \/ Yoast SEO plugin. -->","yoast_head_json":{"title":"Express\u00e3o - Servi\u00e7os de tradu\u00e7\u00e3o jur\u00eddica em mais de 40 l\u00ednguas, Porto","description":"Se precisar de servi\u00e7os de tradu\u00e7\u00e3o jur\u00eddica, contacte-nos! Contamos com tradutores altamente especializados e experientes e mais de 20 anos de experi\u00eancia.","robots":{"index":"index","follow":"follow","max-snippet":"max-snippet:-1","max-image-preview":"max-image-preview:large","max-video-preview":"max-video-preview:-1"},"canonical":"https:\/\/www.expressao.pt\/pt-pt\/direito\/","og_locale":"pt_PT","og_type":"article","og_title":"Express\u00e3o - Servi\u00e7os de tradu\u00e7\u00e3o jur\u00eddica em mais de 40 l\u00ednguas, Porto","og_description":"Se precisar de servi\u00e7os de tradu\u00e7\u00e3o jur\u00eddica, contacte-nos! Contamos com tradutores altamente especializados e experientes e mais de 20 anos de experi\u00eancia.","og_url":"https:\/\/www.expressao.pt\/pt-pt\/direito\/","og_site_name":"Express\u00e3o","article_modified_time":"2019-10-31T15:06:46+00:00","og_image":[{"width":2000,"height":475,"url":"https:\/\/www.expressao.pt\/wp-content\/uploads\/2019\/06\/claire-anderson-60670-unsplash.jpg","type":"image\/jpeg"}],"twitter_card":"summary_large_image","twitter_misc":{"Tempo estimado de leitura":"1 minuto"},"schema":{"@context":"https:\/\/schema.org","@graph":[{"@type":"WebPage","@id":"https:\/\/www.expressao.pt\/pt-pt\/direito\/","url":"https:\/\/www.expressao.pt\/pt-pt\/direito\/","name":"Express\u00e3o - Servi\u00e7os de tradu\u00e7\u00e3o jur\u00eddica em mais de 40 l\u00ednguas, Porto","isPartOf":{"@id":"https:\/\/www.expressao.pt\/#website"},"datePublished":"2018-08-15T08:25:15+00:00","dateModified":"2019-10-31T15:06:46+00:00","description":"Se precisar de servi\u00e7os de tradu\u00e7\u00e3o jur\u00eddica, contacte-nos! Contamos com tradutores altamente especializados e experientes e mais de 20 anos de experi\u00eancia.","breadcrumb":{"@id":"https:\/\/www.expressao.pt\/pt-pt\/direito\/#breadcrumb"},"inLanguage":"pt-PT","potentialAction":[{"@type":"ReadAction","target":["https:\/\/www.expressao.pt\/pt-pt\/direito\/"]}]},{"@type":"BreadcrumbList","@id":"https:\/\/www.expressao.pt\/pt-pt\/direito\/#breadcrumb","itemListElement":[{"@type":"ListItem","position":1,"name":"Home","item":"https:\/\/www.expressao.pt\/pt-pt\/"},{"@type":"ListItem","position":2,"name":"Direito e Justi\u00e7a"}]},{"@type":"WebSite","@id":"https:\/\/www.expressao.pt\/#website","url":"https:\/\/www.expressao.pt\/","name":"Express\u00e3o","description":"Translation experts","potentialAction":[{"@type":"SearchAction","target":{"@type":"EntryPoint","urlTemplate":"https:\/\/www.expressao.pt\/?s={search_term_string}"},"query-input":"required name=search_term_string"}],"inLanguage":"pt-PT"}]}},"_links":{"self":[{"href":"https:\/\/www.expressao.pt\/pt-pt\/wp-json\/wp\/v2\/pages\/2341","targetHints":{"allow":["GET"]}}],"collection":[{"href":"https:\/\/www.expressao.pt\/pt-pt\/wp-json\/wp\/v2\/pages"}],"about":[{"href":"https:\/\/www.expressao.pt\/pt-pt\/wp-json\/wp\/v2\/types\/page"}],"author":[{"embeddable":true,"href":"https:\/\/www.expressao.pt\/pt-pt\/wp-json\/wp\/v2\/users\/2"}],"replies":[{"embeddable":true,"href":"https:\/\/www.expressao.pt\/pt-pt\/wp-json\/wp\/v2\/comments?post=2341"}],"version-history":[{"count":7,"href":"https:\/\/www.expressao.pt\/pt-pt\/wp-json\/wp\/v2\/pages\/2341\/revisions"}],"predecessor-version":[{"id":2731,"href":"https:\/\/www.expressao.pt\/pt-pt\/wp-json\/wp\/v2\/pages\/2341\/revisions\/2731"}],"wp:featuredmedia":[{"embeddable":true,"href":"https:\/\/www.expressao.pt\/pt-pt\/wp-json\/wp\/v2\/media\/2210"}],"wp:attachment":[{"href":"https:\/\/www.expressao.pt\/pt-pt\/wp-json\/wp\/v2\/media?parent=2341"}],"curies":[{"name":"wp","href":"https:\/\/api.w.org\/{rel}","templated":true}]}}