{"id":2349,"date":"2018-08-15T08:27:19","date_gmt":"2018-08-15T08:27:19","guid":{"rendered":"https:\/\/www.expressao.pt\/information-technology\/"},"modified":"2019-10-31T15:08:37","modified_gmt":"2019-10-31T15:08:37","slug":"tecnologias-de-informacao","status":"publish","type":"page","link":"https:\/\/www.expressao.pt\/pt-pt\/tecnologias-de-informacao\/","title":{"rendered":"Tecnologias de informa\u00e7\u00e3o"},"content":{"rendered":"<div id=\"pl-2349\"  class=\"panel-layout\" ><div id=\"pg-2349-0\"  class=\"panel-grid panel-has-style\" ><div class=\"siteorigin-panels-stretch panel-row-style panel-row-style-for-2349-0\" style=\"padding: 0px 0; \" data-stretch-type=\"full\" data-overlay=\"true\" data-overlay-color=\"#000000\" ><div id=\"pgc-2349-0-0\"  class=\"panel-grid-cell\" ><div id=\"panel-2349-0-0-0\" class=\"so-panel widget widget_sow-editor panel-first-child panel-last-child\" data-index=\"0\" ><div style=\"text-align: left;\" data-title-color=\"#443f3f\" data-headings-color=\"#443f3f\" class=\"panel-widget-style panel-widget-style-for-2349-0-0-0\" ><div\n\t\t\t\n\t\t\tclass=\"so-widget-sow-editor so-widget-sow-editor-base\"\n\t\t\t\n\t\t>\n<div class=\"siteorigin-widget-tinymce textwidget\">\n\t<h5><strong>TECNOLOGIA EM QUALQUER L\u00cdNGUA<\/strong><\/h5>\n<h5><strong>\u00a0<\/strong><\/h5><\/div>\n<\/div><\/div><\/div><\/div><\/div><\/div><div id=\"pg-2349-1\"  class=\"panel-grid panel-has-style\" ><div class=\"siteorigin-panels-stretch panel-row-style panel-row-style-for-2349-1\" style=\"padding: 75px 0; \" data-stretch-type=\"full\" data-overlay=\"true\" data-overlay-color=\"#000000\" ><div id=\"pgc-2349-1-0\"  class=\"panel-grid-cell\" ><div id=\"panel-2349-1-0-0\" class=\"so-panel widget widget_sow-features panel-first-child panel-last-child\" data-index=\"1\" ><div style=\"text-align: left;\" data-title-color=\"#443f3f\" data-headings-color=\"#443f3f\" class=\"panel-widget-style panel-widget-style-for-2349-1-0-0\" ><div\n\t\t\t\n\t\t\tclass=\"so-widget-sow-features so-widget-sow-features-default-3440b0c45fb2-2349\"\n\t\t\t\n\t\t>\n<div class=\"sow-features-list sow-features-responsive\">\n\n\t\t\t\t\t\t\t\t\t<div\n\t\t\t\tclass=\"sow-features-feature sow-icon-container-position-top sow-features-feature-last-row\"\n\t\t\t\tstyle=\"display: flex; flex-direction: column; width: 100%;\"\n\t\t\t>\n\t\t\t\n\t\t\t\t\t\t\t\t<div\n\t\t\t\t\tclass=\"sow-icon-container sow-container-round\"\n\t\t\t\t\tstyle=\"color: #000000; \"\n\t\t\t\t\t>\n\t\t\t\t\t<span class=\"sow-icon-fontawesome sow-fas\" data-sow-icon=\"&#xf109;\"\n\t\tstyle=\"font-size: 32px; color: #ffffff\" \n\t\taria-hidden=\"true\"><\/span>\t\t\t\t<\/div>\n\t\t\t\t\n\t\t\t\t<div class=\"textwidget\">\n\t\t\t\t\t\n\t\t\t\t\t\n\t\t\t\t\t\t\t\t\t\t\t<p style=\"margin-top:20px\"><strong>Est\u00e1 interessado em localizar o seu site, manual de utilizador, ficheiros de ajuda online, interfaces gr\u00e1ficas do utilizador, software ou as suas aplica\u00e7\u00e3o m\u00f3veis para uma mercado estrangeiro, mas n\u00e3o sabe como?<\/strong><\/p>\n\n<p><strong>Temos as ferramentas necess\u00e1rias para trabalhar com v\u00e1rios tipos de ficheiros e ajudar empresas de alta tecnologia a progredir com tradu\u00e7\u00f5es de alta qualidade.<\/strong><\/p>\n\n<p><strong>Com a Express\u00e3o pode ter a certeza de que a sua tradu\u00e7\u00e3o \u00e9 realizada por profissionais de l\u00ednguas especializados em TI e novas tecnologias.<\/strong><\/p>\t\t\t\t\t\n\t\t\t\t\t\t\t\t\t<\/div>\n\t\t\t\t\t\t\t\t\n\t\t\t\t\t\t\t<\/div>\n\n\t\t\t\n<\/div>\n<\/div><\/div><\/div><\/div><\/div><\/div><div id=\"pg-2349-2\"  class=\"panel-grid panel-has-style\" ><div class=\"siteorigin-panels-stretch panel-row-style panel-row-style-for-2349-2\" style=\"padding: 40px 0; \" data-stretch-type=\"full\" data-overlay=\"true\" data-overlay-color=\"#000000\" ><div id=\"pgc-2349-2-0\"  class=\"panel-grid-cell\" ><div id=\"panel-2349-2-0-0\" class=\"so-panel widget widget_sow-editor panel-first-child panel-last-child\" data-index=\"2\" ><div style=\"text-align: left;\" data-title-color=\"#443f3f\" data-headings-color=\"#443f3f\" class=\"panel-widget-style panel-widget-style-for-2349-2-0-0\" ><div\n\t\t\t\n\t\t\tclass=\"so-widget-sow-editor so-widget-sow-editor-base\"\n\t\t\t\n\t\t>\n<div class=\"siteorigin-widget-tinymce textwidget\">\n\t<p>Trabalhamos com uma vasta gama de formatos de ficheiros e empregamos sistemas de mem\u00f3ria de tradu\u00e7\u00e3o que reduzem os custos, garantem a consist\u00eancia da terminologia, reduzem os erros humanos e preservam o conte\u00fado traduzido para uso futuro. Isto pode reduzir significativamente o custo de m\u00faltiplos trabalhos de tradu\u00e7\u00e3o semelhantes.<\/p>\n<\/div>\n<\/div><\/div><\/div><\/div><\/div><\/div><div id=\"pg-2349-3\"  class=\"panel-grid panel-has-style\" ><div class=\"siteorigin-panels-stretch panel-row-style panel-row-style-for-2349-3\" style=\"padding: 0px 0; \" data-stretch-type=\"full\" data-overlay=\"true\" data-overlay-color=\"#000000\" ><div id=\"pgc-2349-3-0\"  class=\"panel-grid-cell\" ><div id=\"panel-2349-3-0-0\" class=\"so-panel widget widget_sow-editor panel-first-child panel-last-child\" data-index=\"3\" ><div style=\"text-align: left;\" data-title-color=\"#443f3f\" data-headings-color=\"#443f3f\" class=\"panel-widget-style panel-widget-style-for-2349-3-0-0\" ><div\n\t\t\t\n\t\t\tclass=\"so-widget-sow-editor so-widget-sow-editor-base\"\n\t\t\t\n\t\t>\n<div class=\"siteorigin-widget-tinymce textwidget\">\n\t<h5 style=\"text-align: center;\"><strong>Experi\u00eancia em termos de projetos<\/strong><\/h5><\/div>\n<\/div><\/div><\/div><\/div><\/div><\/div><div id=\"pg-2349-4\"  class=\"panel-grid panel-has-style\" ><div class=\"siteorigin-panels-stretch panel-row-style panel-row-style-for-2349-4\" style=\"padding: 20px 0; \" data-stretch-type=\"full\" data-overlay=\"true\" data-overlay-color=\"#000000\" ><div id=\"pgc-2349-4-0\"  class=\"panel-grid-cell\" ><div id=\"panel-2349-4-0-0\" class=\"so-panel widget widget_sow-editor panel-first-child panel-last-child\" data-index=\"4\" ><div style=\"text-align: left;\" data-title-color=\"#443f3f\" data-headings-color=\"#443f3f\" class=\"panel-widget-style panel-widget-style-for-2349-4-0-0\" ><div\n\t\t\t\n\t\t\tclass=\"so-widget-sow-editor so-widget-sow-editor-base\"\n\t\t\t\n\t\t>\n<div class=\"siteorigin-widget-tinymce textwidget\">\n\t<ul>\n<li>Conte\u00fados de back office<\/li>\n<li>Ficheiros de ajuda<\/li>\n<li>Testes multilingues<\/li>\n<\/ul>\n<\/div>\n<\/div><\/div><\/div><\/div><div id=\"pgc-2349-4-1\"  class=\"panel-grid-cell\" ><div id=\"panel-2349-4-1-0\" class=\"so-panel widget widget_sow-editor panel-first-child panel-last-child\" data-index=\"5\" ><div style=\"text-align: left;\" data-title-color=\"#443f3f\" data-headings-color=\"#443f3f\" class=\"panel-widget-style panel-widget-style-for-2349-4-1-0\" ><div\n\t\t\t\n\t\t\tclass=\"so-widget-sow-editor so-widget-sow-editor-base\"\n\t\t\t\n\t\t>\n<div class=\"siteorigin-widget-tinymce textwidget\">\n\t<ul>\n<li>Ajuda online<\/li>\n<li>Guias de utiliza\u00e7\u00e3o de software<\/li>\n<li>Tutoriais<\/li>\n<\/ul>\n<\/div>\n<\/div><\/div><\/div><\/div><div id=\"pgc-2349-4-2\"  class=\"panel-grid-cell\" ><div id=\"panel-2349-4-2-0\" class=\"so-panel widget widget_sow-editor panel-first-child panel-last-child\" data-index=\"6\" ><div style=\"text-align: left;\" data-title-color=\"#443f3f\" data-headings-color=\"#443f3f\" class=\"panel-widget-style panel-widget-style-for-2349-4-2-0\" ><div\n\t\t\t\n\t\t\tclass=\"so-widget-sow-editor so-widget-sow-editor-base\"\n\t\t\t\n\t\t>\n<div class=\"siteorigin-widget-tinymce textwidget\">\n\t<ul>\n<li>Manuais de apoio ao utilizador<\/li>\n<li>Ficheiros de v\u00eddeo e e-learning<\/li>\n<li>Localiza\u00e7\u00e3o de websites e SEO<\/li>\n<\/ul>\n<\/div>\n<\/div><\/div><\/div><\/div><\/div><\/div><div id=\"pg-2349-5\"  class=\"panel-grid panel-has-style\" ><div style=\"padding: 100px 0; \" data-overlay=\"true\" data-overlay-color=\"#000000\" class=\"panel-row-style panel-row-style-for-2349-5\" ><div id=\"pgc-2349-5-0\"  class=\"panel-grid-cell\" ><div id=\"panel-2349-5-0-0\" class=\"so-panel widget widget_sow-cta panel-first-child panel-last-child\" data-index=\"7\" ><div style=\"text-align: left;\" data-title-color=\"#ffffff\" data-headings-color=\"#ffffff\" class=\"panel-widget-style panel-widget-style-for-2349-5-0-0\" ><div\n\t\t\t\n\t\t\tclass=\"so-widget-sow-cta so-widget-sow-cta-default-e53163506415-2349\"\n\t\t\t\n\t\t><div class=\"sow-cta-base\">\n\n\t<div class=\"sow-cta-wrapper\">\n\n\t\t<div class=\"sow-cta-text\">\n\t\t\t<h4 class=\"sow-cta-title\">Solicite informa\u00e7\u00f5es<\/h4>\n\t\t\t<h5 class=\"sow-cta-subtitle\">Para saber mais sobre os nossos servi\u00e7os de tradu\u00e7\u00e3o, por favor contacte-nos.<\/h5>\n\t\t<\/div>\n\n\t\t<div\n\t\t\t\n\t\t\tclass=\"so-widget-sow-button so-widget-sow-button-atom-aa4089d4f56d\"\n\t\t\t\n\t\t><div class=\"ow-button-base ow-button-align-center\">\n\t<a\n\thref=\"mailto:expressao@expressao.pt\"\n\t\tclass=\"ow-icon-placement-left ow-button-hover\" \t>\n\t\t<span>\n\t\t\t\n\t\t\tSolicite informa\u00e7\u00f5es\t\t<\/span>\n\t<\/a>\n<\/div>\n<\/div>\n\t<\/div>\n\n<\/div>\n<\/div><\/div><\/div><\/div><div id=\"pgc-2349-5-1\"  class=\"panel-grid-cell\" ><div id=\"panel-2349-5-1-0\" class=\"so-panel widget widget_sow-cta panel-first-child panel-last-child\" data-index=\"8\" ><div style=\"text-align: left;\" data-title-color=\"#443f3f\" data-headings-color=\"#443f3f\" class=\"panel-widget-style panel-widget-style-for-2349-5-1-0\" ><div\n\t\t\t\n\t\t\tclass=\"so-widget-sow-cta so-widget-sow-cta-default-cf5d16ac4dba-2349\"\n\t\t\t\n\t\t><div class=\"sow-cta-base\">\n\n\t<div class=\"sow-cta-wrapper\">\n\n\t\t<div class=\"sow-cta-text\">\n\t\t\t<h4 class=\"sow-cta-title\">Solicite um or\u00e7amento<\/h4>\n\t\t\t<h5 class=\"sow-cta-subtitle\">Para solicitar um or\u00e7amento, clique no link abaixo.<\/h5>\n\t\t<\/div>\n\n\t\t<div\n\t\t\t\n\t\t\tclass=\"so-widget-sow-button so-widget-sow-button-atom-aa4089d4f56d\"\n\t\t\t\n\t\t><div class=\"ow-button-base ow-button-align-center\">\n\t<a\n\thref=\"https:\/\/www.expressao.pt\/pt-pt\/quote-trans\/\"\n\t\tclass=\"ow-icon-placement-left ow-button-hover\" \t>\n\t\t<span>\n\t\t\t\n\t\t\tSolicite um or\u00e7amento\t\t<\/span>\n\t<\/a>\n<\/div>\n<\/div>\n\t<\/div>\n\n<\/div>\n<\/div><\/div><\/div><\/div><\/div><\/div><\/div>","protected":false},"excerpt":{"rendered":"<p>TECNOLOGIA EM QUALQUER L\u00cdNGUA \u00a0<\/p>\n","protected":false},"author":2,"featured_media":2212,"parent":0,"menu_order":0,"comment_status":"closed","ping_status":"closed","template":"page-templates\/page_fullwidth.php","meta":{"footnotes":""},"class_list":["post-2349","page","type-page","status-publish","has-post-thumbnail","hentry"],"yoast_head":"<!-- This site is optimized with the Yoast SEO plugin v21.3 - https:\/\/yoast.com\/wordpress\/plugins\/seo\/ -->\n<title>Tradu\u00e7\u00e3o profissional de sites, apps e software em mais de 40 l\u00ednguas<\/title>\n<meta name=\"description\" content=\"Pretende traduzir o seu site, interface de utilizador, aplica\u00e7\u00e3o de smartphone ou software? Podemos ajudar! Contacte-nos ainda hoje. Or\u00e7amentos gr\u00e1tis!\" \/>\n<meta name=\"robots\" content=\"index, follow, max-snippet:-1, max-image-preview:large, max-video-preview:-1\" \/>\n<link rel=\"canonical\" href=\"https:\/\/www.expressao.pt\/pt-pt\/tecnologias-de-informacao\/\" \/>\n<meta property=\"og:locale\" content=\"pt_PT\" \/>\n<meta property=\"og:type\" content=\"article\" \/>\n<meta property=\"og:title\" content=\"Tradu\u00e7\u00e3o profissional de sites, apps e software em mais de 40 l\u00ednguas\" \/>\n<meta property=\"og:description\" content=\"Pretende traduzir o seu site, interface de utilizador, aplica\u00e7\u00e3o de smartphone ou software? Podemos ajudar! Contacte-nos ainda hoje. Or\u00e7amentos gr\u00e1tis!\" \/>\n<meta property=\"og:url\" content=\"https:\/\/www.expressao.pt\/pt-pt\/tecnologias-de-informacao\/\" \/>\n<meta property=\"og:site_name\" content=\"Express\u00e3o\" \/>\n<meta property=\"article:modified_time\" content=\"2019-10-31T15:08:37+00:00\" \/>\n<meta property=\"og:image\" content=\"https:\/\/www.expressao.pt\/wp-content\/uploads\/2019\/06\/caspar-camille-rubin-224229-unsplash.jpg\" \/>\n\t<meta property=\"og:image:width\" content=\"2000\" \/>\n\t<meta property=\"og:image:height\" content=\"592\" \/>\n\t<meta property=\"og:image:type\" content=\"image\/jpeg\" \/>\n<meta name=\"twitter:card\" content=\"summary_large_image\" \/>\n<meta name=\"twitter:label1\" content=\"Tempo estimado de leitura\" \/>\n\t<meta name=\"twitter:data1\" content=\"1 minuto\" \/>\n<script type=\"application\/ld+json\" class=\"yoast-schema-graph\">{\"@context\":\"https:\/\/schema.org\",\"@graph\":[{\"@type\":\"WebPage\",\"@id\":\"https:\/\/www.expressao.pt\/pt-pt\/tecnologias-de-informacao\/\",\"url\":\"https:\/\/www.expressao.pt\/pt-pt\/tecnologias-de-informacao\/\",\"name\":\"Tradu\u00e7\u00e3o profissional de sites, apps e software em mais de 40 l\u00ednguas\",\"isPartOf\":{\"@id\":\"https:\/\/www.expressao.pt\/#website\"},\"datePublished\":\"2018-08-15T08:27:19+00:00\",\"dateModified\":\"2019-10-31T15:08:37+00:00\",\"description\":\"Pretende traduzir o seu site, interface de utilizador, aplica\u00e7\u00e3o de smartphone ou software? Podemos ajudar! Contacte-nos ainda hoje. Or\u00e7amentos gr\u00e1tis!\",\"breadcrumb\":{\"@id\":\"https:\/\/www.expressao.pt\/pt-pt\/tecnologias-de-informacao\/#breadcrumb\"},\"inLanguage\":\"pt-PT\",\"potentialAction\":[{\"@type\":\"ReadAction\",\"target\":[\"https:\/\/www.expressao.pt\/pt-pt\/tecnologias-de-informacao\/\"]}]},{\"@type\":\"BreadcrumbList\",\"@id\":\"https:\/\/www.expressao.pt\/pt-pt\/tecnologias-de-informacao\/#breadcrumb\",\"itemListElement\":[{\"@type\":\"ListItem\",\"position\":1,\"name\":\"Home\",\"item\":\"https:\/\/www.expressao.pt\/pt-pt\/\"},{\"@type\":\"ListItem\",\"position\":2,\"name\":\"Tecnologias de informa\u00e7\u00e3o\"}]},{\"@type\":\"WebSite\",\"@id\":\"https:\/\/www.expressao.pt\/#website\",\"url\":\"https:\/\/www.expressao.pt\/\",\"name\":\"Express\u00e3o\",\"description\":\"Translation experts\",\"potentialAction\":[{\"@type\":\"SearchAction\",\"target\":{\"@type\":\"EntryPoint\",\"urlTemplate\":\"https:\/\/www.expressao.pt\/?s={search_term_string}\"},\"query-input\":\"required name=search_term_string\"}],\"inLanguage\":\"pt-PT\"}]}<\/script>\n<!-- \/ Yoast SEO plugin. -->","yoast_head_json":{"title":"Tradu\u00e7\u00e3o profissional de sites, apps e software em mais de 40 l\u00ednguas","description":"Pretende traduzir o seu site, interface de utilizador, aplica\u00e7\u00e3o de smartphone ou software? Podemos ajudar! Contacte-nos ainda hoje. Or\u00e7amentos gr\u00e1tis!","robots":{"index":"index","follow":"follow","max-snippet":"max-snippet:-1","max-image-preview":"max-image-preview:large","max-video-preview":"max-video-preview:-1"},"canonical":"https:\/\/www.expressao.pt\/pt-pt\/tecnologias-de-informacao\/","og_locale":"pt_PT","og_type":"article","og_title":"Tradu\u00e7\u00e3o profissional de sites, apps e software em mais de 40 l\u00ednguas","og_description":"Pretende traduzir o seu site, interface de utilizador, aplica\u00e7\u00e3o de smartphone ou software? Podemos ajudar! Contacte-nos ainda hoje. Or\u00e7amentos gr\u00e1tis!","og_url":"https:\/\/www.expressao.pt\/pt-pt\/tecnologias-de-informacao\/","og_site_name":"Express\u00e3o","article_modified_time":"2019-10-31T15:08:37+00:00","og_image":[{"width":2000,"height":592,"url":"https:\/\/www.expressao.pt\/wp-content\/uploads\/2019\/06\/caspar-camille-rubin-224229-unsplash.jpg","type":"image\/jpeg"}],"twitter_card":"summary_large_image","twitter_misc":{"Tempo estimado de leitura":"1 minuto"},"schema":{"@context":"https:\/\/schema.org","@graph":[{"@type":"WebPage","@id":"https:\/\/www.expressao.pt\/pt-pt\/tecnologias-de-informacao\/","url":"https:\/\/www.expressao.pt\/pt-pt\/tecnologias-de-informacao\/","name":"Tradu\u00e7\u00e3o profissional de sites, apps e software em mais de 40 l\u00ednguas","isPartOf":{"@id":"https:\/\/www.expressao.pt\/#website"},"datePublished":"2018-08-15T08:27:19+00:00","dateModified":"2019-10-31T15:08:37+00:00","description":"Pretende traduzir o seu site, interface de utilizador, aplica\u00e7\u00e3o de smartphone ou software? Podemos ajudar! Contacte-nos ainda hoje. Or\u00e7amentos gr\u00e1tis!","breadcrumb":{"@id":"https:\/\/www.expressao.pt\/pt-pt\/tecnologias-de-informacao\/#breadcrumb"},"inLanguage":"pt-PT","potentialAction":[{"@type":"ReadAction","target":["https:\/\/www.expressao.pt\/pt-pt\/tecnologias-de-informacao\/"]}]},{"@type":"BreadcrumbList","@id":"https:\/\/www.expressao.pt\/pt-pt\/tecnologias-de-informacao\/#breadcrumb","itemListElement":[{"@type":"ListItem","position":1,"name":"Home","item":"https:\/\/www.expressao.pt\/pt-pt\/"},{"@type":"ListItem","position":2,"name":"Tecnologias de informa\u00e7\u00e3o"}]},{"@type":"WebSite","@id":"https:\/\/www.expressao.pt\/#website","url":"https:\/\/www.expressao.pt\/","name":"Express\u00e3o","description":"Translation experts","potentialAction":[{"@type":"SearchAction","target":{"@type":"EntryPoint","urlTemplate":"https:\/\/www.expressao.pt\/?s={search_term_string}"},"query-input":"required name=search_term_string"}],"inLanguage":"pt-PT"}]}},"_links":{"self":[{"href":"https:\/\/www.expressao.pt\/pt-pt\/wp-json\/wp\/v2\/pages\/2349","targetHints":{"allow":["GET"]}}],"collection":[{"href":"https:\/\/www.expressao.pt\/pt-pt\/wp-json\/wp\/v2\/pages"}],"about":[{"href":"https:\/\/www.expressao.pt\/pt-pt\/wp-json\/wp\/v2\/types\/page"}],"author":[{"embeddable":true,"href":"https:\/\/www.expressao.pt\/pt-pt\/wp-json\/wp\/v2\/users\/2"}],"replies":[{"embeddable":true,"href":"https:\/\/www.expressao.pt\/pt-pt\/wp-json\/wp\/v2\/comments?post=2349"}],"version-history":[{"count":7,"href":"https:\/\/www.expressao.pt\/pt-pt\/wp-json\/wp\/v2\/pages\/2349\/revisions"}],"predecessor-version":[{"id":2735,"href":"https:\/\/www.expressao.pt\/pt-pt\/wp-json\/wp\/v2\/pages\/2349\/revisions\/2735"}],"wp:featuredmedia":[{"embeddable":true,"href":"https:\/\/www.expressao.pt\/pt-pt\/wp-json\/wp\/v2\/media\/2212"}],"wp:attachment":[{"href":"https:\/\/www.expressao.pt\/pt-pt\/wp-json\/wp\/v2\/media?parent=2349"}],"curies":[{"name":"wp","href":"https:\/\/api.w.org\/{rel}","templated":true}]}}