{"id":2359,"date":"2018-08-15T08:28:24","date_gmt":"2018-08-15T08:28:24","guid":{"rendered":"https:\/\/www.expressao.pt\/wine-and-cork-industries\/"},"modified":"2019-10-31T15:10:51","modified_gmt":"2019-10-31T15:10:51","slug":"industrias-vinicola-e-corticeira","status":"publish","type":"page","link":"https:\/\/www.expressao.pt\/pt-pt\/industrias-vinicola-e-corticeira\/","title":{"rendered":"Ind\u00fastrias vin\u00edcola e corticeira"},"content":{"rendered":"<div id=\"pl-2359\"  class=\"panel-layout\" ><div id=\"pg-2359-0\"  class=\"panel-grid panel-has-style\" ><div class=\"siteorigin-panels-stretch panel-row-style panel-row-style-for-2359-0\" style=\"padding: 0px 0; \" data-stretch-type=\"full\" data-overlay=\"true\" data-overlay-color=\"#000000\" ><div id=\"pgc-2359-0-0\"  class=\"panel-grid-cell\" ><div id=\"panel-2359-0-0-0\" class=\"so-panel widget widget_sow-editor panel-first-child panel-last-child\" data-index=\"0\" ><div style=\"text-align: left;\" data-title-color=\"#443f3f\" data-headings-color=\"#443f3f\" class=\"panel-widget-style panel-widget-style-for-2359-0-0-0\" ><div\n\t\t\t\n\t\t\tclass=\"so-widget-sow-editor so-widget-sow-editor-base\"\n\t\t\t\n\t\t>\n<div class=\"siteorigin-widget-tinymce textwidget\">\n\t<h5><strong>DO VINHO AO COPO<\/strong><\/h5>\n<h5><strong>\u00a0<\/strong><\/h5><\/div>\n<\/div><\/div><\/div><\/div><\/div><\/div><div id=\"pg-2359-1\"  class=\"panel-grid panel-has-style\" ><div class=\"siteorigin-panels-stretch panel-row-style panel-row-style-for-2359-1\" style=\"padding: 75px 0; \" data-stretch-type=\"full\" data-overlay=\"true\" data-overlay-color=\"#000000\" ><div id=\"pgc-2359-1-0\"  class=\"panel-grid-cell\" ><div id=\"panel-2359-1-0-0\" class=\"so-panel widget widget_sow-features panel-first-child panel-last-child\" data-index=\"1\" ><div style=\"text-align: left;\" data-title-color=\"#443f3f\" data-headings-color=\"#443f3f\" class=\"panel-widget-style panel-widget-style-for-2359-1-0-0\" ><div\n\t\t\t\n\t\t\tclass=\"so-widget-sow-features so-widget-sow-features-default-3440b0c45fb2-2359\"\n\t\t\t\n\t\t>\n<div class=\"sow-features-list sow-features-responsive\">\n\n\t\t\t\t\t\t\t\t\t<div\n\t\t\t\tclass=\"sow-features-feature sow-icon-container-position-top sow-features-feature-last-row\"\n\t\t\t\tstyle=\"display: flex; flex-direction: column; width: 100%;\"\n\t\t\t>\n\t\t\t\n\t\t\t\t\t\t\t\t<div\n\t\t\t\t\tclass=\"sow-icon-container sow-container-round\"\n\t\t\t\t\tstyle=\"color: #000000; \"\n\t\t\t\t\t>\n\t\t\t\t\t<span class=\"sow-icon-fontawesome sow-fas\" data-sow-icon=\"&#xf5ce;\"\n\t\tstyle=\"font-size: 32px; color: #ffffff\" \n\t\taria-hidden=\"true\"><\/span>\t\t\t\t<\/div>\n\t\t\t\t\n\t\t\t\t<div class=\"textwidget\">\n\t\t\t\t\t\n\t\t\t\t\t\n\t\t\t\t\t\t\t\t\t\t\t<p style=\"margin-top:\"20px;\"><strong>Na Express\u00e3o, sabemos que a divulga\u00e7\u00e3o transfronteiri\u00e7a do potencial das empresas de corti\u00e7a e vinho \u00e9 decisiva para enfrentar com \u00eaxito os desafios de um mercado cada vez mais competitivo.<\/strong><\/p>\n\n<p><strong>Os setores em crescimento de Portugal ajudaram-nos a conhecer bem estes setores, aumentando a quantidade de trabalho e recursos investidos nestas \u00e1reas espec\u00edficas. Trabalhamos para os setores da corti\u00e7a e do vinho desde a constitui\u00e7\u00e3o da empresa, o que nos proporcionou conhecimentos amplos na respetiva terminologia t\u00e9cnica.<\/strong><\/p>\t\t\t\t\t\n\t\t\t\t\t\t\t\t\t<\/div>\n\t\t\t\t\t\t\t\t\n\t\t\t\t\t\t\t<\/div>\n\n\t\t\t\n<\/div>\n<\/div><\/div><\/div><\/div><\/div><\/div><div id=\"pg-2359-2\"  class=\"panel-grid panel-has-style\" ><div class=\"siteorigin-panels-stretch panel-row-style panel-row-style-for-2359-2\" style=\"padding: 40px 0; \" data-stretch-type=\"full\" data-overlay=\"true\" data-overlay-color=\"#000000\" ><div id=\"pgc-2359-2-0\"  class=\"panel-grid-cell\" ><div id=\"panel-2359-2-0-0\" class=\"so-panel widget widget_sow-editor panel-first-child panel-last-child\" data-index=\"2\" ><div style=\"text-align: left;\" data-title-color=\"#443f3f\" data-headings-color=\"#443f3f\" class=\"panel-widget-style panel-widget-style-for-2359-2-0-0\" ><div\n\t\t\t\n\t\t\tclass=\"so-widget-sow-editor so-widget-sow-editor-base\"\n\t\t\t\n\t\t>\n<div class=\"siteorigin-widget-tinymce textwidget\">\n\tTemos experi\u00eancia na tradu\u00e7\u00e3o de documentos para empresas, revistas especializadas e associa\u00e7\u00f5es destes setores.\n\nAs nossas extensas mem\u00f3rias de tradu\u00e7\u00e3o, gloss\u00e1rios e bases terminol\u00f3gicas que constru\u00edmos e desenvolvemos ao longo dos nossos muitos anos de atividade tornam-nos a empresa a escolher quando procura o fornecedor certo para as suas tradu\u00e7\u00f5es relativas a vinho e corti\u00e7a.<\/div>\n<\/div><\/div><\/div><\/div><\/div><\/div><div id=\"pg-2359-3\"  class=\"panel-grid panel-has-style\" ><div class=\"siteorigin-panels-stretch panel-row-style panel-row-style-for-2359-3\" style=\"padding: 0px 0; \" data-stretch-type=\"full\" data-overlay=\"true\" data-overlay-color=\"#000000\" ><div id=\"pgc-2359-3-0\"  class=\"panel-grid-cell\" ><div id=\"panel-2359-3-0-0\" class=\"so-panel widget widget_sow-editor panel-first-child panel-last-child\" data-index=\"3\" ><div style=\"text-align: left;\" data-title-color=\"#443f3f\" data-headings-color=\"#443f3f\" class=\"panel-widget-style panel-widget-style-for-2359-3-0-0\" ><div\n\t\t\t\n\t\t\tclass=\"so-widget-sow-editor so-widget-sow-editor-base\"\n\t\t\t\n\t\t>\n<div class=\"siteorigin-widget-tinymce textwidget\">\n\t<h5 style=\"text-align: center;\"><strong>Experi\u00eancia em termos de projetos<\/strong><\/h5><\/div>\n<\/div><\/div><\/div><\/div><\/div><\/div><div id=\"pg-2359-4\"  class=\"panel-grid panel-has-style\" ><div class=\"siteorigin-panels-stretch panel-row-style panel-row-style-for-2359-4\" style=\"padding: 20px 0; \" data-stretch-type=\"full\" data-overlay=\"true\" data-overlay-color=\"#000000\" ><div id=\"pgc-2359-4-0\"  class=\"panel-grid-cell\" ><div id=\"panel-2359-4-0-0\" class=\"so-panel widget widget_sow-editor panel-first-child panel-last-child\" data-index=\"4\" ><div style=\"text-align: left;\" data-title-color=\"#443f3f\" data-headings-color=\"#443f3f\" class=\"panel-widget-style panel-widget-style-for-2359-4-0-0\" ><div\n\t\t\t\n\t\t\tclass=\"so-widget-sow-editor so-widget-sow-editor-base\"\n\t\t\t\n\t\t>\n<div class=\"siteorigin-widget-tinymce textwidget\">\n\t<ul>\n<li>Livros<\/li>\n<li><i>Newsletters<\/i><\/li>\n<li>Comunicados de imprensa<\/li>\n<li>Artigo de imprensa<\/li>\n<\/ul>\n<\/div>\n<\/div><\/div><\/div><\/div><div id=\"pgc-2359-4-1\"  class=\"panel-grid-cell\" ><div id=\"panel-2359-4-1-0\" class=\"so-panel widget widget_sow-editor panel-first-child panel-last-child\" data-index=\"5\" ><div style=\"text-align: left;\" data-title-color=\"#443f3f\" data-headings-color=\"#443f3f\" class=\"panel-widget-style panel-widget-style-for-2359-4-1-0\" ><div\n\t\t\t\n\t\t\tclass=\"so-widget-sow-editor so-widget-sow-editor-base\"\n\t\t\t\n\t\t>\n<div class=\"siteorigin-widget-tinymce textwidget\">\n\t<ul>\n<li>Comunica\u00e7\u00f5es nas redes sociais<\/li>\n<li>Notas de degusta\u00e7\u00e3o<\/li>\n<li>Kits t\u00e9cnicos<\/li>\n<li>Literatura t\u00e9cnica<\/li>\n<\/ul>\n<\/div>\n<\/div><\/div><\/div><\/div><div id=\"pgc-2359-4-2\"  class=\"panel-grid-cell\" ><div id=\"panel-2359-4-2-0\" class=\"so-panel widget widget_sow-editor panel-first-child panel-last-child\" data-index=\"6\" ><div style=\"text-align: left;\" data-title-color=\"#443f3f\" data-headings-color=\"#443f3f\" class=\"panel-widget-style panel-widget-style-for-2359-4-2-0\" ><div\n\t\t\t\n\t\t\tclass=\"so-widget-sow-editor so-widget-sow-editor-base\"\n\t\t\t\n\t\t>\n<div class=\"siteorigin-widget-tinymce textwidget\">\n\t<ul>\n<li>Material de forma\u00e7\u00e3o<\/li>\n<li>Localiza\u00e7\u00e3o de v\u00eddeos<\/li>\n<li>Localiza\u00e7\u00e3o de websites<\/li>\n<\/ul>\n<\/div>\n<\/div><\/div><\/div><\/div><\/div><\/div><div id=\"pg-2359-5\"  class=\"panel-grid panel-has-style\" ><div style=\"padding: 100px 0; \" data-overlay=\"true\" data-overlay-color=\"#000000\" class=\"panel-row-style panel-row-style-for-2359-5\" ><div id=\"pgc-2359-5-0\"  class=\"panel-grid-cell\" ><div id=\"panel-2359-5-0-0\" class=\"so-panel widget widget_sow-cta panel-first-child panel-last-child\" data-index=\"7\" ><div style=\"text-align: left;\" data-title-color=\"#ffffff\" data-headings-color=\"#ffffff\" class=\"panel-widget-style panel-widget-style-for-2359-5-0-0\" ><div\n\t\t\t\n\t\t\tclass=\"so-widget-sow-cta so-widget-sow-cta-default-e53163506415-2359\"\n\t\t\t\n\t\t><div class=\"sow-cta-base\">\n\n\t<div class=\"sow-cta-wrapper\">\n\n\t\t<div class=\"sow-cta-text\">\n\t\t\t<h4 class=\"sow-cta-title\">Solicite informa\u00e7\u00f5es<\/h4>\n\t\t\t<h5 class=\"sow-cta-subtitle\">Para saber mais sobre os nossos servi\u00e7os de tradu\u00e7\u00e3o, por favor contacte-nos.<\/h5>\n\t\t<\/div>\n\n\t\t<div\n\t\t\t\n\t\t\tclass=\"so-widget-sow-button so-widget-sow-button-atom-aa4089d4f56d\"\n\t\t\t\n\t\t><div class=\"ow-button-base ow-button-align-center\">\n\t<a\n\thref=\"mailto:expressao@expressao.pt\"\n\t\tclass=\"ow-icon-placement-left ow-button-hover\" \t>\n\t\t<span>\n\t\t\t\n\t\t\tSolicite informa\u00e7\u00f5es\t\t<\/span>\n\t<\/a>\n<\/div>\n<\/div>\n\t<\/div>\n\n<\/div>\n<\/div><\/div><\/div><\/div><div id=\"pgc-2359-5-1\"  class=\"panel-grid-cell\" ><div id=\"panel-2359-5-1-0\" class=\"so-panel widget widget_sow-cta panel-first-child panel-last-child\" data-index=\"8\" ><div style=\"text-align: left;\" data-title-color=\"#443f3f\" data-headings-color=\"#443f3f\" class=\"panel-widget-style panel-widget-style-for-2359-5-1-0\" ><div\n\t\t\t\n\t\t\tclass=\"so-widget-sow-cta so-widget-sow-cta-default-cf5d16ac4dba-2359\"\n\t\t\t\n\t\t><div class=\"sow-cta-base\">\n\n\t<div class=\"sow-cta-wrapper\">\n\n\t\t<div class=\"sow-cta-text\">\n\t\t\t<h4 class=\"sow-cta-title\">Solicite um or\u00e7amento<\/h4>\n\t\t\t<h5 class=\"sow-cta-subtitle\">Para solicitar um or\u00e7amento, clique no link abaixo.<\/h5>\n\t\t<\/div>\n\n\t\t<div\n\t\t\t\n\t\t\tclass=\"so-widget-sow-button so-widget-sow-button-atom-aa4089d4f56d\"\n\t\t\t\n\t\t><div class=\"ow-button-base ow-button-align-center\">\n\t<a\n\thref=\"https:\/\/www.expressao.pt\/pt-pt\/quote-trans\/\"\n\t\tclass=\"ow-icon-placement-left ow-button-hover\" \t>\n\t\t<span>\n\t\t\t\n\t\t\tSolicite um or\u00e7amento\t\t<\/span>\n\t<\/a>\n<\/div>\n<\/div>\n\t<\/div>\n\n<\/div>\n<\/div><\/div><\/div><\/div><\/div><\/div><\/div>","protected":false},"excerpt":{"rendered":"<p>DO VINHO AO COPO \u00a0<\/p>\n","protected":false},"author":2,"featured_media":2214,"parent":0,"menu_order":0,"comment_status":"closed","ping_status":"closed","template":"page-templates\/page_fullwidth.php","meta":{"footnotes":""},"class_list":["post-2359","page","type-page","status-publish","has-post-thumbnail","hentry"],"yoast_head":"<!-- This site is optimized with the Yoast SEO plugin v21.3 - https:\/\/yoast.com\/wordpress\/plugins\/seo\/ -->\n<title>Precisa de um tradutor especializado nos setores vin\u00edcola ou corticeiro?<\/title>\n<meta name=\"description\" content=\"Trabalhamos para as mais importantes empresas dos setores da corti\u00e7a e do vinho h\u00e1 mais de 20 anos. Confie nos nossos tradutores nativos especializados!\" \/>\n<meta name=\"robots\" content=\"index, follow, max-snippet:-1, max-image-preview:large, max-video-preview:-1\" \/>\n<link rel=\"canonical\" href=\"https:\/\/www.expressao.pt\/pt-pt\/industrias-vinicola-e-corticeira\/\" \/>\n<meta property=\"og:locale\" content=\"pt_PT\" \/>\n<meta property=\"og:type\" content=\"article\" \/>\n<meta property=\"og:title\" content=\"Precisa de um tradutor especializado nos setores vin\u00edcola ou corticeiro?\" \/>\n<meta property=\"og:description\" content=\"Trabalhamos para as mais importantes empresas dos setores da corti\u00e7a e do vinho h\u00e1 mais de 20 anos. Confie nos nossos tradutores nativos especializados!\" \/>\n<meta property=\"og:url\" content=\"https:\/\/www.expressao.pt\/pt-pt\/industrias-vinicola-e-corticeira\/\" \/>\n<meta property=\"og:site_name\" content=\"Express\u00e3o\" \/>\n<meta property=\"article:modified_time\" content=\"2019-10-31T15:10:51+00:00\" \/>\n<meta property=\"og:image\" content=\"https:\/\/www.expressao.pt\/wp-content\/uploads\/2019\/06\/kelsey-knight-449204-unsplash.jpg\" \/>\n\t<meta property=\"og:image:width\" content=\"2000\" \/>\n\t<meta property=\"og:image:height\" content=\"666\" \/>\n\t<meta property=\"og:image:type\" content=\"image\/jpeg\" \/>\n<meta name=\"twitter:card\" content=\"summary_large_image\" \/>\n<meta name=\"twitter:label1\" content=\"Tempo estimado de leitura\" \/>\n\t<meta name=\"twitter:data1\" content=\"1 minuto\" \/>\n<script type=\"application\/ld+json\" class=\"yoast-schema-graph\">{\"@context\":\"https:\/\/schema.org\",\"@graph\":[{\"@type\":\"WebPage\",\"@id\":\"https:\/\/www.expressao.pt\/pt-pt\/industrias-vinicola-e-corticeira\/\",\"url\":\"https:\/\/www.expressao.pt\/pt-pt\/industrias-vinicola-e-corticeira\/\",\"name\":\"Precisa de um tradutor especializado nos setores vin\u00edcola ou corticeiro?\",\"isPartOf\":{\"@id\":\"https:\/\/www.expressao.pt\/#website\"},\"datePublished\":\"2018-08-15T08:28:24+00:00\",\"dateModified\":\"2019-10-31T15:10:51+00:00\",\"description\":\"Trabalhamos para as mais importantes empresas dos setores da corti\u00e7a e do vinho h\u00e1 mais de 20 anos. Confie nos nossos tradutores nativos especializados!\",\"breadcrumb\":{\"@id\":\"https:\/\/www.expressao.pt\/pt-pt\/industrias-vinicola-e-corticeira\/#breadcrumb\"},\"inLanguage\":\"pt-PT\",\"potentialAction\":[{\"@type\":\"ReadAction\",\"target\":[\"https:\/\/www.expressao.pt\/pt-pt\/industrias-vinicola-e-corticeira\/\"]}]},{\"@type\":\"BreadcrumbList\",\"@id\":\"https:\/\/www.expressao.pt\/pt-pt\/industrias-vinicola-e-corticeira\/#breadcrumb\",\"itemListElement\":[{\"@type\":\"ListItem\",\"position\":1,\"name\":\"Home\",\"item\":\"https:\/\/www.expressao.pt\/pt-pt\/\"},{\"@type\":\"ListItem\",\"position\":2,\"name\":\"Ind\u00fastrias vin\u00edcola e corticeira\"}]},{\"@type\":\"WebSite\",\"@id\":\"https:\/\/www.expressao.pt\/#website\",\"url\":\"https:\/\/www.expressao.pt\/\",\"name\":\"Express\u00e3o\",\"description\":\"Translation experts\",\"potentialAction\":[{\"@type\":\"SearchAction\",\"target\":{\"@type\":\"EntryPoint\",\"urlTemplate\":\"https:\/\/www.expressao.pt\/?s={search_term_string}\"},\"query-input\":\"required name=search_term_string\"}],\"inLanguage\":\"pt-PT\"}]}<\/script>\n<!-- \/ Yoast SEO plugin. -->","yoast_head_json":{"title":"Precisa de um tradutor especializado nos setores vin\u00edcola ou corticeiro?","description":"Trabalhamos para as mais importantes empresas dos setores da corti\u00e7a e do vinho h\u00e1 mais de 20 anos. Confie nos nossos tradutores nativos especializados!","robots":{"index":"index","follow":"follow","max-snippet":"max-snippet:-1","max-image-preview":"max-image-preview:large","max-video-preview":"max-video-preview:-1"},"canonical":"https:\/\/www.expressao.pt\/pt-pt\/industrias-vinicola-e-corticeira\/","og_locale":"pt_PT","og_type":"article","og_title":"Precisa de um tradutor especializado nos setores vin\u00edcola ou corticeiro?","og_description":"Trabalhamos para as mais importantes empresas dos setores da corti\u00e7a e do vinho h\u00e1 mais de 20 anos. Confie nos nossos tradutores nativos especializados!","og_url":"https:\/\/www.expressao.pt\/pt-pt\/industrias-vinicola-e-corticeira\/","og_site_name":"Express\u00e3o","article_modified_time":"2019-10-31T15:10:51+00:00","og_image":[{"width":2000,"height":666,"url":"https:\/\/www.expressao.pt\/wp-content\/uploads\/2019\/06\/kelsey-knight-449204-unsplash.jpg","type":"image\/jpeg"}],"twitter_card":"summary_large_image","twitter_misc":{"Tempo estimado de leitura":"1 minuto"},"schema":{"@context":"https:\/\/schema.org","@graph":[{"@type":"WebPage","@id":"https:\/\/www.expressao.pt\/pt-pt\/industrias-vinicola-e-corticeira\/","url":"https:\/\/www.expressao.pt\/pt-pt\/industrias-vinicola-e-corticeira\/","name":"Precisa de um tradutor especializado nos setores vin\u00edcola ou corticeiro?","isPartOf":{"@id":"https:\/\/www.expressao.pt\/#website"},"datePublished":"2018-08-15T08:28:24+00:00","dateModified":"2019-10-31T15:10:51+00:00","description":"Trabalhamos para as mais importantes empresas dos setores da corti\u00e7a e do vinho h\u00e1 mais de 20 anos. Confie nos nossos tradutores nativos especializados!","breadcrumb":{"@id":"https:\/\/www.expressao.pt\/pt-pt\/industrias-vinicola-e-corticeira\/#breadcrumb"},"inLanguage":"pt-PT","potentialAction":[{"@type":"ReadAction","target":["https:\/\/www.expressao.pt\/pt-pt\/industrias-vinicola-e-corticeira\/"]}]},{"@type":"BreadcrumbList","@id":"https:\/\/www.expressao.pt\/pt-pt\/industrias-vinicola-e-corticeira\/#breadcrumb","itemListElement":[{"@type":"ListItem","position":1,"name":"Home","item":"https:\/\/www.expressao.pt\/pt-pt\/"},{"@type":"ListItem","position":2,"name":"Ind\u00fastrias vin\u00edcola e corticeira"}]},{"@type":"WebSite","@id":"https:\/\/www.expressao.pt\/#website","url":"https:\/\/www.expressao.pt\/","name":"Express\u00e3o","description":"Translation experts","potentialAction":[{"@type":"SearchAction","target":{"@type":"EntryPoint","urlTemplate":"https:\/\/www.expressao.pt\/?s={search_term_string}"},"query-input":"required name=search_term_string"}],"inLanguage":"pt-PT"}]}},"_links":{"self":[{"href":"https:\/\/www.expressao.pt\/pt-pt\/wp-json\/wp\/v2\/pages\/2359","targetHints":{"allow":["GET"]}}],"collection":[{"href":"https:\/\/www.expressao.pt\/pt-pt\/wp-json\/wp\/v2\/pages"}],"about":[{"href":"https:\/\/www.expressao.pt\/pt-pt\/wp-json\/wp\/v2\/types\/page"}],"author":[{"embeddable":true,"href":"https:\/\/www.expressao.pt\/pt-pt\/wp-json\/wp\/v2\/users\/2"}],"replies":[{"embeddable":true,"href":"https:\/\/www.expressao.pt\/pt-pt\/wp-json\/wp\/v2\/comments?post=2359"}],"version-history":[{"count":5,"href":"https:\/\/www.expressao.pt\/pt-pt\/wp-json\/wp\/v2\/pages\/2359\/revisions"}],"predecessor-version":[{"id":2740,"href":"https:\/\/www.expressao.pt\/pt-pt\/wp-json\/wp\/v2\/pages\/2359\/revisions\/2740"}],"wp:featuredmedia":[{"embeddable":true,"href":"https:\/\/www.expressao.pt\/pt-pt\/wp-json\/wp\/v2\/media\/2214"}],"wp:attachment":[{"href":"https:\/\/www.expressao.pt\/pt-pt\/wp-json\/wp\/v2\/media?parent=2359"}],"curies":[{"name":"wp","href":"https:\/\/api.w.org\/{rel}","templated":true}]}}