{"id":2371,"date":"2018-08-16T06:47:30","date_gmt":"2018-08-16T06:47:30","guid":{"rendered":"https:\/\/www.expressao.pt\/team\/"},"modified":"2022-11-15T22:10:52","modified_gmt":"2022-11-15T22:10:52","slug":"equipa","status":"publish","type":"page","link":"https:\/\/www.expressao.pt\/pt-pt\/equipa\/","title":{"rendered":"Equipa"},"content":{"rendered":"<div id=\"pl-2371\"  class=\"panel-layout\" ><div id=\"pg-2371-0\"  class=\"panel-grid panel-has-style\" ><div style=\"padding: 0px 0; \" data-overlay=\"true\" data-overlay-color=\"#000000\" class=\"panel-row-style panel-row-style-for-2371-0\" ><div id=\"pgc-2371-0-0\"  class=\"panel-grid-cell\" ><div id=\"panel-2371-0-0-0\" class=\"so-panel widget widget_sow-editor panel-first-child panel-last-child\" data-index=\"0\" ><div style=\"text-align: left;\" data-title-color=\"#443f3f\" data-headings-color=\"#443f3f\" class=\"panel-widget-style panel-widget-style-for-2371-0-0-0\" ><div\n\t\t\t\n\t\t\tclass=\"so-widget-sow-editor so-widget-sow-editor-base\"\n\t\t\t\n\t\t>\n<div class=\"siteorigin-widget-tinymce textwidget\">\n\t<p>Ao longo dos nossos mais de vinte e cinco anos de experi\u00eancia, adquirimos um conhecimento profissional significativo e constitu\u00edmos uma equipa de linguistas nativos altamente competentes. Pode confiar o trabalho nas m\u00e3os da nossa experiente equipa de tradutores, revisores e int\u00e9rpretes.<\/p>\n<p>Tenha em aten\u00e7\u00e3o que todas as pessoas com que trabalhamos assinam um acordo de confidencialidade.<\/p>\n<\/div>\n<\/div><\/div><\/div><\/div><\/div><\/div><div id=\"pg-2371-1\"  class=\"panel-grid panel-has-style\" ><div style=\"padding: 100px 0; \" id=\"our-in-house-team\" data-overlay=\"true\" data-overlay-color=\"#000000\" class=\"panel-row-style panel-row-style-for-2371-1\" ><div id=\"pgc-2371-1-0\"  class=\"panel-grid-cell\" ><div id=\"panel-2371-1-0-0\" class=\"so-panel widget widget_sydney_employees sydney_employees_widget panel-first-child panel-last-child\" data-index=\"1\" ><div style=\"text-align: left;\" data-title-color=\"#443f3f\" data-headings-color=\"#443f3f\" class=\"panel-widget-style panel-widget-style-for-2371-1-0-0\" ><\/div><\/div><\/div><\/div><\/div><div id=\"pg-2371-2\"  class=\"panel-grid panel-has-style\" ><div class=\"siteorigin-panels-stretch panel-row-style panel-row-style-for-2371-2\" style=\"padding: 100px 0; \" data-stretch-type=\"full\" data-overlay=\"true\" data-overlay-color=\"#000000\" ><div id=\"pgc-2371-2-0\"  class=\"panel-grid-cell\" ><div id=\"panel-2371-2-0-0\" class=\"so-panel widget widget_sow-editor panel-first-child panel-last-child\" data-index=\"2\" ><div style=\"text-align: left;\" data-title-color=\"#ffffff\" data-headings-color=\"#ffffff\" class=\"panel-widget-style panel-widget-style-for-2371-2-0-0\" ><div\n\t\t\t\n\t\t\tclass=\"so-widget-sow-editor so-widget-sow-editor-base\"\n\t\t\t\n\t\t>\n<div class=\"siteorigin-widget-tinymce textwidget\">\n\t<h3>Solicitar or\u00e7amento gratuito<\/h3>\n<\/div>\n<\/div><\/div><\/div><\/div><div id=\"pgc-2371-2-1\"  class=\"panel-grid-cell\" ><div id=\"panel-2371-2-1-0\" class=\"so-panel widget widget_sow-button panel-first-child panel-last-child\" data-index=\"3\" ><div style=\"text-align: left;\" data-title-color=\"#443f3f\" data-headings-color=\"#443f3f\" class=\"panel-widget-style panel-widget-style-for-2371-2-1-0\" ><div\n\t\t\t\n\t\t\tclass=\"so-widget-sow-button so-widget-sow-button-wire-3b6eb174bb88-2371\"\n\t\t\t\n\t\t><div class=\"ow-button-base ow-button-align-center\">\n\t<a\n\thref=\"https:\/\/www.expressao.pt\/pt-pt\/quote-trans\/\"\n\t\tclass=\"ow-icon-placement-left ow-button-hover\" \t>\n\t\t<span>\n\t\t\t\n\t\t\tContactos\t\t<\/span>\n\t<\/a>\n<\/div>\n<\/div><\/div><\/div><\/div><\/div><\/div><\/div>","protected":false},"excerpt":{"rendered":"<p>Ao longo dos nossos mais de vinte e cinco anos de experi\u00eancia, adquirimos um conhecimento profissional significativo e constitu\u00edmos uma equipa de [&hellip;]<\/p>\n","protected":false},"author":2,"featured_media":2563,"parent":0,"menu_order":0,"comment_status":"closed","ping_status":"closed","template":"page-templates\/page_fullwidth.php","meta":{"footnotes":""},"class_list":["post-2371","page","type-page","status-publish","has-post-thumbnail","hentry"],"yoast_head":"<!-- This site is optimized with the Yoast SEO plugin v21.3 - https:\/\/yoast.com\/wordpress\/plugins\/seo\/ -->\n<title>Express\u00e3o, Lda. \u2013 A prestar servi\u00e7os de tradu\u00e7\u00e3o em Portugal desde 1997<\/title>\n<meta name=\"description\" content=\"Contamos com uma equipa mundial de tradutores, revisores e int\u00e9rpretes profissionais especializados em diversas \u00e1reas. Entre em contacto connosco!\" \/>\n<meta name=\"robots\" content=\"index, follow, max-snippet:-1, max-image-preview:large, max-video-preview:-1\" \/>\n<link rel=\"canonical\" href=\"https:\/\/www.expressao.pt\/pt-pt\/equipa\/\" \/>\n<meta property=\"og:locale\" content=\"pt_PT\" \/>\n<meta property=\"og:type\" content=\"article\" \/>\n<meta property=\"og:title\" content=\"Express\u00e3o, Lda. \u2013 A prestar servi\u00e7os de tradu\u00e7\u00e3o em Portugal desde 1997\" \/>\n<meta property=\"og:description\" content=\"Contamos com uma equipa mundial de tradutores, revisores e int\u00e9rpretes profissionais especializados em diversas \u00e1reas. Entre em contacto connosco!\" \/>\n<meta property=\"og:url\" content=\"https:\/\/www.expressao.pt\/pt-pt\/equipa\/\" \/>\n<meta property=\"og:site_name\" content=\"Express\u00e3o\" \/>\n<meta property=\"article:modified_time\" content=\"2022-11-15T22:10:52+00:00\" \/>\n<meta property=\"og:image\" content=\"https:\/\/www.expressao.pt\/wp-content\/uploads\/2019\/07\/drew-beamer-Se7vVKzYxTI-unsplash.jpg\" \/>\n\t<meta property=\"og:image:width\" content=\"2000\" \/>\n\t<meta property=\"og:image:height\" content=\"530\" \/>\n\t<meta property=\"og:image:type\" content=\"image\/jpeg\" \/>\n<meta name=\"twitter:card\" content=\"summary_large_image\" \/>\n<meta name=\"twitter:label1\" content=\"Tempo estimado de leitura\" \/>\n\t<meta name=\"twitter:data1\" content=\"1 minuto\" \/>\n<script type=\"application\/ld+json\" class=\"yoast-schema-graph\">{\"@context\":\"https:\/\/schema.org\",\"@graph\":[{\"@type\":\"WebPage\",\"@id\":\"https:\/\/www.expressao.pt\/pt-pt\/equipa\/\",\"url\":\"https:\/\/www.expressao.pt\/pt-pt\/equipa\/\",\"name\":\"Express\u00e3o, Lda. \u2013 A prestar servi\u00e7os de tradu\u00e7\u00e3o em Portugal desde 1997\",\"isPartOf\":{\"@id\":\"https:\/\/www.expressao.pt\/#website\"},\"datePublished\":\"2018-08-16T06:47:30+00:00\",\"dateModified\":\"2022-11-15T22:10:52+00:00\",\"description\":\"Contamos com uma equipa mundial de tradutores, revisores e int\u00e9rpretes profissionais especializados em diversas \u00e1reas. Entre em contacto connosco!\",\"breadcrumb\":{\"@id\":\"https:\/\/www.expressao.pt\/pt-pt\/equipa\/#breadcrumb\"},\"inLanguage\":\"pt-PT\",\"potentialAction\":[{\"@type\":\"ReadAction\",\"target\":[\"https:\/\/www.expressao.pt\/pt-pt\/equipa\/\"]}]},{\"@type\":\"BreadcrumbList\",\"@id\":\"https:\/\/www.expressao.pt\/pt-pt\/equipa\/#breadcrumb\",\"itemListElement\":[{\"@type\":\"ListItem\",\"position\":1,\"name\":\"Home\",\"item\":\"https:\/\/www.expressao.pt\/pt-pt\/\"},{\"@type\":\"ListItem\",\"position\":2,\"name\":\"Equipa\"}]},{\"@type\":\"WebSite\",\"@id\":\"https:\/\/www.expressao.pt\/#website\",\"url\":\"https:\/\/www.expressao.pt\/\",\"name\":\"Express\u00e3o\",\"description\":\"Translation experts\",\"potentialAction\":[{\"@type\":\"SearchAction\",\"target\":{\"@type\":\"EntryPoint\",\"urlTemplate\":\"https:\/\/www.expressao.pt\/?s={search_term_string}\"},\"query-input\":\"required name=search_term_string\"}],\"inLanguage\":\"pt-PT\"}]}<\/script>\n<!-- \/ Yoast SEO plugin. -->","yoast_head_json":{"title":"Express\u00e3o, Lda. \u2013 A prestar servi\u00e7os de tradu\u00e7\u00e3o em Portugal desde 1997","description":"Contamos com uma equipa mundial de tradutores, revisores e int\u00e9rpretes profissionais especializados em diversas \u00e1reas. Entre em contacto connosco!","robots":{"index":"index","follow":"follow","max-snippet":"max-snippet:-1","max-image-preview":"max-image-preview:large","max-video-preview":"max-video-preview:-1"},"canonical":"https:\/\/www.expressao.pt\/pt-pt\/equipa\/","og_locale":"pt_PT","og_type":"article","og_title":"Express\u00e3o, Lda. \u2013 A prestar servi\u00e7os de tradu\u00e7\u00e3o em Portugal desde 1997","og_description":"Contamos com uma equipa mundial de tradutores, revisores e int\u00e9rpretes profissionais especializados em diversas \u00e1reas. Entre em contacto connosco!","og_url":"https:\/\/www.expressao.pt\/pt-pt\/equipa\/","og_site_name":"Express\u00e3o","article_modified_time":"2022-11-15T22:10:52+00:00","og_image":[{"width":2000,"height":530,"url":"https:\/\/www.expressao.pt\/wp-content\/uploads\/2019\/07\/drew-beamer-Se7vVKzYxTI-unsplash.jpg","type":"image\/jpeg"}],"twitter_card":"summary_large_image","twitter_misc":{"Tempo estimado de leitura":"1 minuto"},"schema":{"@context":"https:\/\/schema.org","@graph":[{"@type":"WebPage","@id":"https:\/\/www.expressao.pt\/pt-pt\/equipa\/","url":"https:\/\/www.expressao.pt\/pt-pt\/equipa\/","name":"Express\u00e3o, Lda. \u2013 A prestar servi\u00e7os de tradu\u00e7\u00e3o em Portugal desde 1997","isPartOf":{"@id":"https:\/\/www.expressao.pt\/#website"},"datePublished":"2018-08-16T06:47:30+00:00","dateModified":"2022-11-15T22:10:52+00:00","description":"Contamos com uma equipa mundial de tradutores, revisores e int\u00e9rpretes profissionais especializados em diversas \u00e1reas. Entre em contacto connosco!","breadcrumb":{"@id":"https:\/\/www.expressao.pt\/pt-pt\/equipa\/#breadcrumb"},"inLanguage":"pt-PT","potentialAction":[{"@type":"ReadAction","target":["https:\/\/www.expressao.pt\/pt-pt\/equipa\/"]}]},{"@type":"BreadcrumbList","@id":"https:\/\/www.expressao.pt\/pt-pt\/equipa\/#breadcrumb","itemListElement":[{"@type":"ListItem","position":1,"name":"Home","item":"https:\/\/www.expressao.pt\/pt-pt\/"},{"@type":"ListItem","position":2,"name":"Equipa"}]},{"@type":"WebSite","@id":"https:\/\/www.expressao.pt\/#website","url":"https:\/\/www.expressao.pt\/","name":"Express\u00e3o","description":"Translation experts","potentialAction":[{"@type":"SearchAction","target":{"@type":"EntryPoint","urlTemplate":"https:\/\/www.expressao.pt\/?s={search_term_string}"},"query-input":"required name=search_term_string"}],"inLanguage":"pt-PT"}]}},"_links":{"self":[{"href":"https:\/\/www.expressao.pt\/pt-pt\/wp-json\/wp\/v2\/pages\/2371","targetHints":{"allow":["GET"]}}],"collection":[{"href":"https:\/\/www.expressao.pt\/pt-pt\/wp-json\/wp\/v2\/pages"}],"about":[{"href":"https:\/\/www.expressao.pt\/pt-pt\/wp-json\/wp\/v2\/types\/page"}],"author":[{"embeddable":true,"href":"https:\/\/www.expressao.pt\/pt-pt\/wp-json\/wp\/v2\/users\/2"}],"replies":[{"embeddable":true,"href":"https:\/\/www.expressao.pt\/pt-pt\/wp-json\/wp\/v2\/comments?post=2371"}],"version-history":[{"count":12,"href":"https:\/\/www.expressao.pt\/pt-pt\/wp-json\/wp\/v2\/pages\/2371\/revisions"}],"predecessor-version":[{"id":3004,"href":"https:\/\/www.expressao.pt\/pt-pt\/wp-json\/wp\/v2\/pages\/2371\/revisions\/3004"}],"wp:featuredmedia":[{"embeddable":true,"href":"https:\/\/www.expressao.pt\/pt-pt\/wp-json\/wp\/v2\/media\/2563"}],"wp:attachment":[{"href":"https:\/\/www.expressao.pt\/pt-pt\/wp-json\/wp\/v2\/media?parent=2371"}],"curies":[{"name":"wp","href":"https:\/\/api.w.org\/{rel}","templated":true}]}}