{"id":2389,"date":"2018-08-21T06:56:14","date_gmt":"2018-08-21T06:56:14","guid":{"rendered":"https:\/\/www.expressao.pt\/faq-2\/"},"modified":"2019-07-24T16:04:36","modified_gmt":"2019-07-24T16:04:36","slug":"faq","status":"publish","type":"page","link":"https:\/\/www.expressao.pt\/pt-pt\/faq\/","title":{"rendered":"FAQ"},"content":{"rendered":"<div id=\"pl-2389\"  class=\"panel-layout\" ><div id=\"pg-2389-0\"  class=\"panel-grid panel-has-style\" ><div style=\"padding: 0px 0; \" data-overlay=\"true\" data-overlay-color=\"#000000\" class=\"panel-row-style panel-row-style-for-2389-0\" ><div id=\"pgc-2389-0-0\"  class=\"panel-grid-cell\" ><div id=\"panel-2389-0-0-0\" class=\"so-panel widget widget_sow-editor panel-first-child panel-last-child\" data-index=\"0\" ><div style=\"text-align: left;\" data-title-color=\"#443f3f\" data-headings-color=\"#443f3f\" class=\"panel-widget-style panel-widget-style-for-2389-0-0-0\" ><div\n\t\t\t\n\t\t\tclass=\"so-widget-sow-editor so-widget-sow-editor-base\"\n\t\t\t\n\t\t>\n<div class=\"siteorigin-widget-tinymce textwidget\">\n\t<p><b>S\u00f3 preciso de traduzir algumas palavras. \u00c9 aplicada uma taxa m\u00ednima?<\/b><\/p>\n<p>Sim, a taxa m\u00ednima \u00e9 de 30 euros por l\u00edngua.<\/p>\n<p><b>Quanto tempo \u00e9 que demora traduzir um texto?<\/b><\/p>\n<p>Tudo depende da l\u00edngua e dificuldade do texto. Normalmente, um tradutor traduz 2000 palavras por dia (cerca de 8 p\u00e1ginas). O prazo de entrega ser\u00e1 indicado no seu or\u00e7amento. Caso a tradu\u00e7\u00e3o seja urgente, avise-nos, para que possamos encurtar o prazo de entrega.<\/p>\n<p><b>Como posso enviar o(s) documento(s) para traduzir?<\/b><\/p>\n<p>Pode enviar o(s) documento(s) por e-mail, fax, correios ou estafeta. Pode tamb\u00e9m enviar-nos um CD, DVD ou pen USB.<\/p>\n<p><b>Como \u00e9 calculado o or\u00e7amento?<\/b><\/p>\n<p>O pre\u00e7o da tradu\u00e7\u00e3o depende de v\u00e1rios fatores, tais como a l\u00edngua de partida e de chegada, dificuldade t\u00e9cnica, tamanho do texto e urg\u00eancia da tradu\u00e7\u00e3o. A nossa tabela de pre\u00e7os clara, sem custos acrescidos, permite uma maior transpar\u00eancia nos c\u00e1lculos. Poder\u00e1 saber de antem\u00e3o qual o valor exato que ir\u00e1 pagar pela sua tradu\u00e7\u00e3o, uma vez que cobramos por palavra e apenas contamos as palavras do texto de partida.<\/p>\n<p><b>Como posso certificar a minha tradu\u00e7\u00e3o?<\/b><\/p>\n<p>\u00c9 prov\u00e1vel que, por vezes, necessite de uma tradu\u00e7\u00e3o certificada para processos judiciais ou para apresentar \u00e0s autoridades oficiais. Nesse caso, podemos certificar a tradu\u00e7\u00e3o perante um advogado, solicitador ou not\u00e1rio ou obter uma declara\u00e7\u00e3o do tradutor. Se necess\u00e1rio, poderemos providenciar a aposi\u00e7\u00e3o da apostila sob a Conven\u00e7\u00e3o de Haia. Tenha em aten\u00e7\u00e3o que todas as tradu\u00e7\u00f5es devem ser baseadas em documentos originais ou c\u00f3pias certificadas.<\/p>\n<p><b>Quais s\u00e3o os m\u00e9todos de pagamento dispon\u00edveis?<\/b><\/p>\n<p>Pode pagar em numer\u00e1rio, em cheque ou por transfer\u00eancia banc\u00e1ria. Tamb\u00e9m aceitamos a maioria dos cart\u00f5es de cr\u00e9dito atrav\u00e9s do Moneybookers e Paypal. Para pagar atrav\u00e9s destes sistemas, n\u00e3o precisa de ter uma conta Moneybookers ou Paypal. O pagamento \u00e9 processado num servidor seguro, respeitando sempre a sua privacidade. Para mais informa\u00e7\u00f5es, visite a seguinte p\u00e1gina: <a href=\"https:\/\/www.expressao.pt\/pt-pt\/opcoes-de-pagamento\"><span style=\"color: #00000a;\">Op\u00e7\u00f5es de Pagamento<\/span>.<\/a><\/p>\n<\/div>\n<\/div><\/div><\/div><\/div><\/div><\/div><div id=\"pg-2389-1\"  class=\"panel-grid panel-has-style\" ><div class=\"siteorigin-panels-stretch panel-row-style panel-row-style-for-2389-1\" style=\"padding: 100px 0; \" data-stretch-type=\"full\" data-overlay=\"true\" data-overlay-color=\"#000000\" ><div id=\"pgc-2389-1-0\"  class=\"panel-grid-cell\" ><div id=\"panel-2389-1-0-0\" class=\"so-panel widget widget_sow-editor panel-first-child panel-last-child\" data-index=\"1\" ><div style=\"text-align: left;\" data-title-color=\"#ffffff\" data-headings-color=\"#ffffff\" class=\"panel-widget-style panel-widget-style-for-2389-1-0-0\" ><div\n\t\t\t\n\t\t\tclass=\"so-widget-sow-editor so-widget-sow-editor-base\"\n\t\t\t\n\t\t>\n<div class=\"siteorigin-widget-tinymce textwidget\">\n\t<h3>Solicitar or\u00e7amento gratuito<\/h3>\n<\/div>\n<\/div><\/div><\/div><\/div><div id=\"pgc-2389-1-1\"  class=\"panel-grid-cell\" ><div id=\"panel-2389-1-1-0\" class=\"so-panel widget widget_sow-button panel-first-child panel-last-child\" data-index=\"2\" ><div style=\"text-align: left;\" data-title-color=\"#443f3f\" data-headings-color=\"#443f3f\" class=\"panel-widget-style panel-widget-style-for-2389-1-1-0\" ><div\n\t\t\t\n\t\t\tclass=\"so-widget-sow-button so-widget-sow-button-wire-3b6eb174bb88-2389\"\n\t\t\t\n\t\t><div class=\"ow-button-base ow-button-align-center\">\n\t<a\n\thref=\"https:\/\/www.expressao.pt\/pt-pt\/quote-trans\/\"\n\t\tclass=\"ow-icon-placement-left ow-button-hover\" \t>\n\t\t<span>\n\t\t\t\n\t\t\tContactos\t\t<\/span>\n\t<\/a>\n<\/div>\n<\/div><\/div><\/div><\/div><\/div><\/div><\/div>","protected":false},"excerpt":{"rendered":"<p>S\u00f3 preciso de traduzir algumas palavras. \u00c9 aplicada uma taxa m\u00ednima? Sim, a taxa m\u00ednima \u00e9 de 30 euros por l\u00edngua. Quanto [&hellip;]<\/p>\n","protected":false},"author":2,"featured_media":2223,"parent":0,"menu_order":0,"comment_status":"closed","ping_status":"closed","template":"page-templates\/page_fullwidth.php","meta":{"footnotes":""},"class_list":["post-2389","page","type-page","status-publish","has-post-thumbnail","hentry"],"yoast_head":"<!-- This site is optimized with the Yoast SEO plugin v21.3 - https:\/\/yoast.com\/wordpress\/plugins\/seo\/ -->\n<title>Quanto tempo \u00e9 que demora traduzir um texto? - Express\u00e3o FAQ<\/title>\n<meta name=\"description\" content=\"&quot;Quanto tempo \u00e9 que demora traduzir um texto?&quot; - encontrar\u00e1 as respostas a esta e outras perguntas na nossa sec\u00e7\u00e3o de FAQ.\" \/>\n<meta name=\"robots\" content=\"index, follow, max-snippet:-1, max-image-preview:large, max-video-preview:-1\" \/>\n<link rel=\"canonical\" href=\"https:\/\/www.expressao.pt\/pt-pt\/faq\/\" \/>\n<meta property=\"og:locale\" content=\"pt_PT\" \/>\n<meta property=\"og:type\" content=\"article\" \/>\n<meta property=\"og:title\" content=\"Quanto tempo \u00e9 que demora traduzir um texto? - Express\u00e3o FAQ\" \/>\n<meta property=\"og:description\" content=\"&quot;Quanto tempo \u00e9 que demora traduzir um texto?&quot; - encontrar\u00e1 as respostas a esta e outras perguntas na nossa sec\u00e7\u00e3o de FAQ.\" \/>\n<meta property=\"og:url\" content=\"https:\/\/www.expressao.pt\/pt-pt\/faq\/\" \/>\n<meta property=\"og:site_name\" content=\"Express\u00e3o\" \/>\n<meta property=\"article:modified_time\" content=\"2019-07-24T16:04:36+00:00\" \/>\n<meta property=\"og:image\" content=\"https:\/\/www.expressao.pt\/wp-content\/uploads\/2019\/06\/alexander-andrews-511680-unsplash.jpg\" \/>\n\t<meta property=\"og:image:width\" content=\"2000\" \/>\n\t<meta property=\"og:image:height\" content=\"725\" \/>\n\t<meta property=\"og:image:type\" content=\"image\/jpeg\" \/>\n<meta name=\"twitter:card\" content=\"summary_large_image\" \/>\n<meta name=\"twitter:label1\" content=\"Tempo estimado de leitura\" \/>\n\t<meta name=\"twitter:data1\" content=\"2 minutos\" \/>\n<script type=\"application\/ld+json\" class=\"yoast-schema-graph\">{\"@context\":\"https:\/\/schema.org\",\"@graph\":[{\"@type\":\"WebPage\",\"@id\":\"https:\/\/www.expressao.pt\/pt-pt\/faq\/\",\"url\":\"https:\/\/www.expressao.pt\/pt-pt\/faq\/\",\"name\":\"Quanto tempo \u00e9 que demora traduzir um texto? - Express\u00e3o FAQ\",\"isPartOf\":{\"@id\":\"https:\/\/www.expressao.pt\/#website\"},\"datePublished\":\"2018-08-21T06:56:14+00:00\",\"dateModified\":\"2019-07-24T16:04:36+00:00\",\"description\":\"\\\"Quanto tempo \u00e9 que demora traduzir um texto?\\\" - encontrar\u00e1 as respostas a esta e outras perguntas na nossa sec\u00e7\u00e3o de FAQ.\",\"breadcrumb\":{\"@id\":\"https:\/\/www.expressao.pt\/pt-pt\/faq\/#breadcrumb\"},\"inLanguage\":\"pt-PT\",\"potentialAction\":[{\"@type\":\"ReadAction\",\"target\":[\"https:\/\/www.expressao.pt\/pt-pt\/faq\/\"]}]},{\"@type\":\"BreadcrumbList\",\"@id\":\"https:\/\/www.expressao.pt\/pt-pt\/faq\/#breadcrumb\",\"itemListElement\":[{\"@type\":\"ListItem\",\"position\":1,\"name\":\"Home\",\"item\":\"https:\/\/www.expressao.pt\/pt-pt\/\"},{\"@type\":\"ListItem\",\"position\":2,\"name\":\"FAQ\"}]},{\"@type\":\"WebSite\",\"@id\":\"https:\/\/www.expressao.pt\/#website\",\"url\":\"https:\/\/www.expressao.pt\/\",\"name\":\"Express\u00e3o\",\"description\":\"Translation experts\",\"potentialAction\":[{\"@type\":\"SearchAction\",\"target\":{\"@type\":\"EntryPoint\",\"urlTemplate\":\"https:\/\/www.expressao.pt\/?s={search_term_string}\"},\"query-input\":\"required name=search_term_string\"}],\"inLanguage\":\"pt-PT\"}]}<\/script>\n<!-- \/ Yoast SEO plugin. -->","yoast_head_json":{"title":"Quanto tempo \u00e9 que demora traduzir um texto? - Express\u00e3o FAQ","description":"\"Quanto tempo \u00e9 que demora traduzir um texto?\" - encontrar\u00e1 as respostas a esta e outras perguntas na nossa sec\u00e7\u00e3o de FAQ.","robots":{"index":"index","follow":"follow","max-snippet":"max-snippet:-1","max-image-preview":"max-image-preview:large","max-video-preview":"max-video-preview:-1"},"canonical":"https:\/\/www.expressao.pt\/pt-pt\/faq\/","og_locale":"pt_PT","og_type":"article","og_title":"Quanto tempo \u00e9 que demora traduzir um texto? - Express\u00e3o FAQ","og_description":"\"Quanto tempo \u00e9 que demora traduzir um texto?\" - encontrar\u00e1 as respostas a esta e outras perguntas na nossa sec\u00e7\u00e3o de FAQ.","og_url":"https:\/\/www.expressao.pt\/pt-pt\/faq\/","og_site_name":"Express\u00e3o","article_modified_time":"2019-07-24T16:04:36+00:00","og_image":[{"width":2000,"height":725,"url":"https:\/\/www.expressao.pt\/wp-content\/uploads\/2019\/06\/alexander-andrews-511680-unsplash.jpg","type":"image\/jpeg"}],"twitter_card":"summary_large_image","twitter_misc":{"Tempo estimado de leitura":"2 minutos"},"schema":{"@context":"https:\/\/schema.org","@graph":[{"@type":"WebPage","@id":"https:\/\/www.expressao.pt\/pt-pt\/faq\/","url":"https:\/\/www.expressao.pt\/pt-pt\/faq\/","name":"Quanto tempo \u00e9 que demora traduzir um texto? - Express\u00e3o FAQ","isPartOf":{"@id":"https:\/\/www.expressao.pt\/#website"},"datePublished":"2018-08-21T06:56:14+00:00","dateModified":"2019-07-24T16:04:36+00:00","description":"\"Quanto tempo \u00e9 que demora traduzir um texto?\" - encontrar\u00e1 as respostas a esta e outras perguntas na nossa sec\u00e7\u00e3o de FAQ.","breadcrumb":{"@id":"https:\/\/www.expressao.pt\/pt-pt\/faq\/#breadcrumb"},"inLanguage":"pt-PT","potentialAction":[{"@type":"ReadAction","target":["https:\/\/www.expressao.pt\/pt-pt\/faq\/"]}]},{"@type":"BreadcrumbList","@id":"https:\/\/www.expressao.pt\/pt-pt\/faq\/#breadcrumb","itemListElement":[{"@type":"ListItem","position":1,"name":"Home","item":"https:\/\/www.expressao.pt\/pt-pt\/"},{"@type":"ListItem","position":2,"name":"FAQ"}]},{"@type":"WebSite","@id":"https:\/\/www.expressao.pt\/#website","url":"https:\/\/www.expressao.pt\/","name":"Express\u00e3o","description":"Translation experts","potentialAction":[{"@type":"SearchAction","target":{"@type":"EntryPoint","urlTemplate":"https:\/\/www.expressao.pt\/?s={search_term_string}"},"query-input":"required name=search_term_string"}],"inLanguage":"pt-PT"}]}},"_links":{"self":[{"href":"https:\/\/www.expressao.pt\/pt-pt\/wp-json\/wp\/v2\/pages\/2389","targetHints":{"allow":["GET"]}}],"collection":[{"href":"https:\/\/www.expressao.pt\/pt-pt\/wp-json\/wp\/v2\/pages"}],"about":[{"href":"https:\/\/www.expressao.pt\/pt-pt\/wp-json\/wp\/v2\/types\/page"}],"author":[{"embeddable":true,"href":"https:\/\/www.expressao.pt\/pt-pt\/wp-json\/wp\/v2\/users\/2"}],"replies":[{"embeddable":true,"href":"https:\/\/www.expressao.pt\/pt-pt\/wp-json\/wp\/v2\/comments?post=2389"}],"version-history":[{"count":6,"href":"https:\/\/www.expressao.pt\/pt-pt\/wp-json\/wp\/v2\/pages\/2389\/revisions"}],"predecessor-version":[{"id":2610,"href":"https:\/\/www.expressao.pt\/pt-pt\/wp-json\/wp\/v2\/pages\/2389\/revisions\/2610"}],"wp:featuredmedia":[{"embeddable":true,"href":"https:\/\/www.expressao.pt\/pt-pt\/wp-json\/wp\/v2\/media\/2223"}],"wp:attachment":[{"href":"https:\/\/www.expressao.pt\/pt-pt\/wp-json\/wp\/v2\/media?parent=2389"}],"curies":[{"name":"wp","href":"https:\/\/api.w.org\/{rel}","templated":true}]}}