{"id":2402,"date":"2018-08-21T07:01:54","date_gmt":"2018-08-21T07:01:54","guid":{"rendered":"https:\/\/www.expressao.pt\/payment-options\/"},"modified":"2019-07-24T16:19:46","modified_gmt":"2019-07-24T16:19:46","slug":"opcoes-de-pagamento","status":"publish","type":"page","link":"https:\/\/www.expressao.pt\/pt-pt\/opcoes-de-pagamento\/","title":{"rendered":"Op\u00e7\u00f5es de pagamento"},"content":{"rendered":"<div id=\"pl-2402\"  class=\"panel-layout\" ><div id=\"pg-2402-0\"  class=\"panel-grid panel-has-style\" ><div style=\"padding: 100px 0; \" data-overlay=\"true\" data-overlay-color=\"#000000\" class=\"panel-row-style panel-row-style-for-2402-0\" ><div id=\"pgc-2402-0-0\"  class=\"panel-grid-cell\" ><div id=\"panel-2402-0-0-0\" class=\"so-panel widget widget_sow-editor panel-first-child panel-last-child\" data-index=\"0\" ><div style=\"text-align: left;\" data-title-color=\"#443f3f\" data-headings-color=\"#443f3f\" class=\"panel-widget-style panel-widget-style-for-2402-0-0-0\" ><div\n\t\t\t\n\t\t\tclass=\"so-widget-sow-editor so-widget-sow-editor-base\"\n\t\t\t\n\t\t>\n<div class=\"siteorigin-widget-tinymce textwidget\">\n\t<p>O pagamento pode ser realizado por transfer\u00eancia banc\u00e1ria ou online atrav\u00e9s do PayPal ou Moneybookers.<\/p>\n<p><strong>Transfer\u00eancia banc\u00e1ria<\/strong><\/p>\n<hr \/>\n<p><u>NIB \u2013 N\u00famero de Identifica\u00e7\u00e3o Banc\u00e1ria<\/u><br \/>\n0010 0000 36258220001 62<br \/>\n<u>IBAN \u2013 N\u00famero Internacional de Conta Banc\u00e1ria<\/u><br \/>\nPT50 0010 0000 3625 8220 0016 2<br \/>\n<u>SWIFT \/ BIC<\/u><br \/>\nBBPIPTPL<\/p>\n<p><b>Paypal<\/b><\/p>\n<hr \/>\n<div>\n<p>Pode pagar com o seu cart\u00e3o de cr\u00e9dito atrav\u00e9s do servi\u00e7o de pagamento online do PAYPAL.<\/p>\n<p>\u00c9 r\u00e1pido e seguro.<\/p>\n<p>Email: <a href=\"mailto:susana.peixoto@expressao.pt\">susana.peixoto@expressao.pt<\/a><\/p>\n<\/div>\n<\/div>\n<\/div><\/div><\/div><\/div><\/div><\/div><\/div>","protected":false},"excerpt":{"rendered":"<p>O pagamento pode ser realizado por transfer\u00eancia banc\u00e1ria ou online atrav\u00e9s do PayPal ou Moneybookers. Transfer\u00eancia banc\u00e1ria NIB \u2013 N\u00famero de Identifica\u00e7\u00e3o [&hellip;]<\/p>\n","protected":false},"author":2,"featured_media":2227,"parent":0,"menu_order":0,"comment_status":"closed","ping_status":"closed","template":"page-templates\/page_fullwidth.php","meta":{"footnotes":""},"class_list":["post-2402","page","type-page","status-publish","has-post-thumbnail","hentry"],"yoast_head":"<!-- This site is optimized with the Yoast SEO plugin v21.3 - https:\/\/yoast.com\/wordpress\/plugins\/seo\/ -->\n<title>Op\u00e7\u00f5es de pagamento - Express\u00e3o<\/title>\n<meta name=\"description\" content=\"Aceitamos pagamentos por transfer\u00eancia banc\u00e1ria ou paypal.\" \/>\n<meta name=\"robots\" content=\"index, follow, max-snippet:-1, max-image-preview:large, max-video-preview:-1\" \/>\n<link rel=\"canonical\" href=\"https:\/\/www.expressao.pt\/pt-pt\/opcoes-de-pagamento\/\" \/>\n<meta property=\"og:locale\" content=\"pt_PT\" \/>\n<meta property=\"og:type\" content=\"article\" \/>\n<meta property=\"og:title\" content=\"Op\u00e7\u00f5es de pagamento - Express\u00e3o\" \/>\n<meta property=\"og:description\" content=\"Aceitamos pagamentos por transfer\u00eancia banc\u00e1ria ou paypal.\" \/>\n<meta property=\"og:url\" content=\"https:\/\/www.expressao.pt\/pt-pt\/opcoes-de-pagamento\/\" \/>\n<meta property=\"og:site_name\" content=\"Express\u00e3o\" \/>\n<meta property=\"article:modified_time\" content=\"2019-07-24T16:19:46+00:00\" \/>\n<meta property=\"og:image\" content=\"https:\/\/www.expressao.pt\/wp-content\/uploads\/2019\/06\/didier-weemaels-36055-unsplash.jpg\" \/>\n\t<meta property=\"og:image:width\" content=\"1800\" \/>\n\t<meta property=\"og:image:height\" content=\"848\" \/>\n\t<meta property=\"og:image:type\" content=\"image\/jpeg\" \/>\n<meta name=\"twitter:card\" content=\"summary_large_image\" \/>\n<script type=\"application\/ld+json\" class=\"yoast-schema-graph\">{\"@context\":\"https:\/\/schema.org\",\"@graph\":[{\"@type\":\"WebPage\",\"@id\":\"https:\/\/www.expressao.pt\/pt-pt\/opcoes-de-pagamento\/\",\"url\":\"https:\/\/www.expressao.pt\/pt-pt\/opcoes-de-pagamento\/\",\"name\":\"Op\u00e7\u00f5es de pagamento - Express\u00e3o\",\"isPartOf\":{\"@id\":\"https:\/\/www.expressao.pt\/#website\"},\"datePublished\":\"2018-08-21T07:01:54+00:00\",\"dateModified\":\"2019-07-24T16:19:46+00:00\",\"description\":\"Aceitamos pagamentos por transfer\u00eancia banc\u00e1ria ou paypal.\",\"breadcrumb\":{\"@id\":\"https:\/\/www.expressao.pt\/pt-pt\/opcoes-de-pagamento\/#breadcrumb\"},\"inLanguage\":\"pt-PT\",\"potentialAction\":[{\"@type\":\"ReadAction\",\"target\":[\"https:\/\/www.expressao.pt\/pt-pt\/opcoes-de-pagamento\/\"]}]},{\"@type\":\"BreadcrumbList\",\"@id\":\"https:\/\/www.expressao.pt\/pt-pt\/opcoes-de-pagamento\/#breadcrumb\",\"itemListElement\":[{\"@type\":\"ListItem\",\"position\":1,\"name\":\"Home\",\"item\":\"https:\/\/www.expressao.pt\/pt-pt\/\"},{\"@type\":\"ListItem\",\"position\":2,\"name\":\"Op\u00e7\u00f5es de pagamento\"}]},{\"@type\":\"WebSite\",\"@id\":\"https:\/\/www.expressao.pt\/#website\",\"url\":\"https:\/\/www.expressao.pt\/\",\"name\":\"Express\u00e3o\",\"description\":\"Translation experts\",\"potentialAction\":[{\"@type\":\"SearchAction\",\"target\":{\"@type\":\"EntryPoint\",\"urlTemplate\":\"https:\/\/www.expressao.pt\/?s={search_term_string}\"},\"query-input\":\"required name=search_term_string\"}],\"inLanguage\":\"pt-PT\"}]}<\/script>\n<!-- \/ Yoast SEO plugin. -->","yoast_head_json":{"title":"Op\u00e7\u00f5es de pagamento - Express\u00e3o","description":"Aceitamos pagamentos por transfer\u00eancia banc\u00e1ria ou paypal.","robots":{"index":"index","follow":"follow","max-snippet":"max-snippet:-1","max-image-preview":"max-image-preview:large","max-video-preview":"max-video-preview:-1"},"canonical":"https:\/\/www.expressao.pt\/pt-pt\/opcoes-de-pagamento\/","og_locale":"pt_PT","og_type":"article","og_title":"Op\u00e7\u00f5es de pagamento - Express\u00e3o","og_description":"Aceitamos pagamentos por transfer\u00eancia banc\u00e1ria ou paypal.","og_url":"https:\/\/www.expressao.pt\/pt-pt\/opcoes-de-pagamento\/","og_site_name":"Express\u00e3o","article_modified_time":"2019-07-24T16:19:46+00:00","og_image":[{"width":1800,"height":848,"url":"https:\/\/www.expressao.pt\/wp-content\/uploads\/2019\/06\/didier-weemaels-36055-unsplash.jpg","type":"image\/jpeg"}],"twitter_card":"summary_large_image","schema":{"@context":"https:\/\/schema.org","@graph":[{"@type":"WebPage","@id":"https:\/\/www.expressao.pt\/pt-pt\/opcoes-de-pagamento\/","url":"https:\/\/www.expressao.pt\/pt-pt\/opcoes-de-pagamento\/","name":"Op\u00e7\u00f5es de pagamento - Express\u00e3o","isPartOf":{"@id":"https:\/\/www.expressao.pt\/#website"},"datePublished":"2018-08-21T07:01:54+00:00","dateModified":"2019-07-24T16:19:46+00:00","description":"Aceitamos pagamentos por transfer\u00eancia banc\u00e1ria ou paypal.","breadcrumb":{"@id":"https:\/\/www.expressao.pt\/pt-pt\/opcoes-de-pagamento\/#breadcrumb"},"inLanguage":"pt-PT","potentialAction":[{"@type":"ReadAction","target":["https:\/\/www.expressao.pt\/pt-pt\/opcoes-de-pagamento\/"]}]},{"@type":"BreadcrumbList","@id":"https:\/\/www.expressao.pt\/pt-pt\/opcoes-de-pagamento\/#breadcrumb","itemListElement":[{"@type":"ListItem","position":1,"name":"Home","item":"https:\/\/www.expressao.pt\/pt-pt\/"},{"@type":"ListItem","position":2,"name":"Op\u00e7\u00f5es de pagamento"}]},{"@type":"WebSite","@id":"https:\/\/www.expressao.pt\/#website","url":"https:\/\/www.expressao.pt\/","name":"Express\u00e3o","description":"Translation experts","potentialAction":[{"@type":"SearchAction","target":{"@type":"EntryPoint","urlTemplate":"https:\/\/www.expressao.pt\/?s={search_term_string}"},"query-input":"required name=search_term_string"}],"inLanguage":"pt-PT"}]}},"_links":{"self":[{"href":"https:\/\/www.expressao.pt\/pt-pt\/wp-json\/wp\/v2\/pages\/2402","targetHints":{"allow":["GET"]}}],"collection":[{"href":"https:\/\/www.expressao.pt\/pt-pt\/wp-json\/wp\/v2\/pages"}],"about":[{"href":"https:\/\/www.expressao.pt\/pt-pt\/wp-json\/wp\/v2\/types\/page"}],"author":[{"embeddable":true,"href":"https:\/\/www.expressao.pt\/pt-pt\/wp-json\/wp\/v2\/users\/2"}],"replies":[{"embeddable":true,"href":"https:\/\/www.expressao.pt\/pt-pt\/wp-json\/wp\/v2\/comments?post=2402"}],"version-history":[{"count":2,"href":"https:\/\/www.expressao.pt\/pt-pt\/wp-json\/wp\/v2\/pages\/2402\/revisions"}],"predecessor-version":[{"id":2573,"href":"https:\/\/www.expressao.pt\/pt-pt\/wp-json\/wp\/v2\/pages\/2402\/revisions\/2573"}],"wp:featuredmedia":[{"embeddable":true,"href":"https:\/\/www.expressao.pt\/pt-pt\/wp-json\/wp\/v2\/media\/2227"}],"wp:attachment":[{"href":"https:\/\/www.expressao.pt\/pt-pt\/wp-json\/wp\/v2\/media?parent=2402"}],"curies":[{"name":"wp","href":"https:\/\/api.w.org\/{rel}","templated":true}]}}